{"id":12267,"date":"2024-09-25T14:13:36","date_gmt":"2024-09-25T14:13:36","guid":{"rendered":"https:\/\/studioblancmtl.com\/photographie-sur-mannequin-invisible\/"},"modified":"2024-09-25T20:25:17","modified_gmt":"2024-09-25T20:25:17","slug":"photographie-sur-mannequin-invisible","status":"publish","type":"page","link":"https:\/\/studioblancmtl.com\/fr\/photographie-sur-mannequin-invisible\/","title":{"rendered":"Photographie sur mannequin invisible"},"content":{"rendered":"\t\t<div data-elementor-type=\"wp-page\" data-elementor-id=\"12267\" class=\"elementor elementor-12267 elementor-12209\">\n\t\t\t\t\t\t<section class=\"elementor-section elementor-top-section elementor-element elementor-element-4069dec elementor-section-full_width elementor-section-stretched about elementor-section-height-default elementor-section-height-default qodef-elementor-content-no qodef-elementor-stretch-row-no qodef-elementor-overlay-no\" data-id=\"4069dec\" data-element_type=\"section\" data-settings=\"{&quot;stretch_section&quot;:&quot;section-stretched&quot;,&quot;background_background&quot;:&quot;classic&quot;}\">\n\t\t\t\t\t\t<div class=\"elementor-container elementor-column-gap-no\">\n\t\t\t\t\t<div class=\"elementor-column elementor-col-100 elementor-top-column elementor-element elementor-element-824b3fd\" data-id=\"824b3fd\" data-element_type=\"column\">\n\t\t\t<div class=\"elementor-widget-wrap elementor-element-populated\">\n\t\t\t\t\t\t<div class=\"elementor-element elementor-element-c14321e elementor-widget elementor-widget-heading\" data-id=\"c14321e\" data-element_type=\"widget\" data-widget_type=\"heading.default\">\n\t\t\t\t<div class=\"elementor-widget-container\">\n\t\t\t\t\t<h1 class=\"elementor-heading-title elementor-size-default\">Ecommerce et B2B Photographie et Vid\u00e9o<\/h1>\t\t\t\t<\/div>\n\t\t\t\t<\/div>\n\t\t\t\t\t<\/div>\n\t\t<\/div>\n\t\t\t\t\t<\/div>\n\t\t<\/section>\n\t\t\t\t<section class=\"elementor-section elementor-top-section elementor-element elementor-element-2f8bf81 elementor-section-boxed elementor-section-height-default elementor-section-height-default qodef-elementor-content-no qodef-elementor-stretch-row-no qodef-elementor-overlay-no\" data-id=\"2f8bf81\" data-element_type=\"section\">\n\t\t\t\t\t\t<div class=\"elementor-container elementor-column-gap-default\">\n\t\t\t\t\t<div class=\"elementor-column elementor-col-100 elementor-top-column elementor-element elementor-element-f00b29a\" data-id=\"f00b29a\" data-element_type=\"column\">\n\t\t\t<div class=\"elementor-widget-wrap elementor-element-populated\">\n\t\t\t\t\t\t<section class=\"elementor-section elementor-inner-section elementor-element elementor-element-9f23793 elementor-section-boxed elementor-section-height-default elementor-section-height-default qodef-elementor-content-no qodef-elementor-stretch-row-no qodef-elementor-overlay-no\" data-id=\"9f23793\" data-element_type=\"section\">\n\t\t\t\t\t\t<div class=\"elementor-container elementor-column-gap-default\">\n\t\t\t\t\t<div class=\"elementor-column elementor-col-100 elementor-inner-column elementor-element elementor-element-e603697\" data-id=\"e603697\" data-element_type=\"column\">\n\t\t\t<div class=\"elementor-widget-wrap\">\n\t\t\t\t\t\t\t<\/div>\n\t\t<\/div>\n\t\t\t\t\t<\/div>\n\t\t<\/section>\n\t\t\t\t<div class=\"elementor-element elementor-element-f992151 elementor-widget elementor-widget-zermatt_core_section_title\" data-id=\"f992151\" data-element_type=\"widget\" data-widget_type=\"zermatt_core_section_title.default\">\n\t\t\t\t<div class=\"elementor-widget-container\">\n\t\t\t\t\t<div class=\"qodef-shortcode qodef-m  qodef-section-title qodef-alignment--left \">\n\t\t\t<h2 class=\"qodef-m-title\" >\n\t\t\t\t\tPhotographie sur mannequin invisible\t\t\t<\/h2>\n\t\t<\/div>\t\t\t\t<\/div>\n\t\t\t\t<\/div>\n\t\t\t\t<div class=\"elementor-element elementor-element-1463fcd elementor-widget elementor-widget-text-editor\" data-id=\"1463fcd\" data-element_type=\"widget\" data-widget_type=\"text-editor.default\">\n\t\t\t\t<div class=\"elementor-widget-container\">\n\t\t\t\t\t\t\t\t\t<p data-pm-slice=\"1 1 []\">Chez Studio Blanc, nous sommes sp\u00e9cialis\u00e9s dans la photographie sur mannequin invisible, un service qui donne vie \u00e0 vos v\u00eatements en cr\u00e9ant un effet 3D sans que le mannequin ne soit visible. Cette technique est id\u00e9ale pour pr\u00e9senter des v\u00eatements tels que des vestes, chemises, robes et autres articles o\u00f9 le produit doit \u00eatre au centre de l\u2019attention, tout en offrant un rendu professionnel et \u00e9pur\u00e9. <\/p>\n<p>Notre service de photographie sur mannequin invisible est parfait pour les entreprises eCommerce souhaitant offrir une exp\u00e9rience d\u2019achat de haute qualit\u00e9. En mettant en avant la coupe, les tissus et les d\u00e9tails de vos v\u00eatements, ce style de photographie permet \u00e0 vos clients d\u2019imaginer les produits port\u00e9s. Avec plus de 14 ans d\u2019exp\u00e9rience dans la photographie eCommerce B2B, Studio Blanc est parfaitement \u00e9quip\u00e9 pour r\u00e9pondre \u00e0 tous vos besoins en mati\u00e8re de photographie de produits, avec pr\u00e9cision et efficacit\u00e9.  <\/p>\n<ul>\n<li>Photographie professionnelle sur mannequin invisible pour la mode et ses accessoires.<\/li>\n<li>Id\u00e9al pour les boutiques en ligne, les lookbooks de mode et les catalogues de produits de marque.<\/li>\n<li>D\u00e9lai de livraison rapide entre 7 et 10 jours, garantissant un retour rapide pour vos campagnes.<\/li>\n<li>Services experts de post-production, incluant retouche, correction des couleurs, et plus encore, adapt\u00e9s aux besoins sp\u00e9cifiques de votre marque.<\/li>\n<li>Nous offrons des services pratiques de collecte et de livraison pour simplifier le processus.<\/li>\n<\/ul>\n\t\t\t\t\t\t\t\t<\/div>\n\t\t\t\t<\/div>\n\t\t\t\t\t<\/div>\n\t\t<\/div>\n\t\t\t\t\t<\/div>\n\t\t<\/section>\n\t\t\t\t<section class=\"elementor-section elementor-top-section elementor-element elementor-element-0adb78c elementor-section-boxed elementor-section-height-default elementor-section-height-default qodef-elementor-content-no qodef-elementor-stretch-row-no qodef-elementor-overlay-no\" data-id=\"0adb78c\" data-element_type=\"section\">\n\t\t\t\t\t\t<div class=\"elementor-container elementor-column-gap-default\">\n\t\t\t\t\t<div class=\"elementor-column elementor-col-100 elementor-top-column elementor-element elementor-element-1494739\" data-id=\"1494739\" data-element_type=\"column\">\n\t\t\t<div class=\"elementor-widget-wrap elementor-element-populated\">\n\t\t\t\t\t\t<div class=\"elementor-element elementor-element-3481c38 elementor-widget elementor-widget-qi_addons_for_elementor_premium_image_marquee\" data-id=\"3481c38\" data-element_type=\"widget\" data-widget_type=\"qi_addons_for_elementor_premium_image_marquee.default\">\n\t\t\t\t<div class=\"elementor-widget-container\">\n\t\t\t\t\t<div class=\"qodef-shortcode qodef-m qodef-image-marquee qodef-layout--horizontal\">\n\t<div class=\"qodef-m-content qodef--desktop\" style=\"height: 450px\">\n\t\t\t\t\t<div class=\"qodef-m-image qodef-image--original\" style=\"background: url(&quot;https:\/\/studioblancmtl.com\/wp-content\/uploads\/2024\/09\/Slide_ghost.jpg&quot;);width: 1922px;height: 450px;animation: qode-move-horizontal-normal-image-marquee 25s linear infinite\"><\/div>\n\t\t\t<div class=\"qodef-m-image qodef-image--copy\" style=\"background: url(&quot;https:\/\/studioblancmtl.com\/wp-content\/uploads\/2024\/09\/Slide_ghost.jpg&quot;);width: 1922px;height: 450px;animation: qode-move-horizontal-normal-image-marquee 25s linear infinite;animation-name:qode-move-horizontal-normal-image-marquee-copy;\"><\/div>\n\t\t\t<\/div>\n\t<div class=\"qodef-m-content qodef--mobile\" style=\"height: 225px\">\n\t\t\t\t\t<div class=\"qodef-m-image qodef-image--original\" style=\"background: url(&quot;https:\/\/studioblancmtl.com\/wp-content\/uploads\/2024\/09\/Slide_ghost.jpg&quot;);width: 961px;height: 225px;animation: qode-move-horizontal-normal-image-marquee 25s linear infinite\"><\/div>\n\t\t\t<div class=\"qodef-m-image qodef-image--copy\" style=\"background: url(&quot;https:\/\/studioblancmtl.com\/wp-content\/uploads\/2024\/09\/Slide_ghost.jpg&quot;);width: 961px;height: 225px;animation: qode-move-horizontal-normal-image-marquee 25s linear infinite;animation-name:qode-move-horizontal-normal-image-marquee-copy;\"><\/div>\n\t\t\t<\/div>\n<\/div>\n\t\t\t\t<\/div>\n\t\t\t\t<\/div>\n\t\t\t\t<div class=\"elementor-element elementor-element-eb95d70 elementor-widget elementor-widget-text-editor\" data-id=\"eb95d70\" data-element_type=\"widget\" data-widget_type=\"text-editor.default\">\n\t\t\t\t<div class=\"elementor-widget-container\">\n\t\t\t\t\t\t\t\t\t<h4><a href=\"https:\/\/studioblancmtl.com\/fr\/contact\/\">Contactez Studio Blanc<\/a> d\u00e8s aujourd\u2019hui pour discuter de vos besoins en photographie sur mannequin fant\u00f4me et d\u00e9couvrir comment nous pouvons vous aider \u00e0 \u00e9lever votre marque de mode.<\/h4>\t\t\t\t\t\t\t\t<\/div>\n\t\t\t\t<\/div>\n\t\t\t\t<div class=\"elementor-element elementor-element-9ba23fd elementor-widget elementor-widget-qi_addons_for_elementor_contact_form_7\" data-id=\"9ba23fd\" data-element_type=\"widget\" data-widget_type=\"qi_addons_for_elementor_contact_form_7.default\">\n\t\t\t\t<div class=\"elementor-widget-container\">\n\t\t\t\t\t<div class=\"qodef-shortcode qodef-m qodef-qi-contact-form-7\">\n\t\n<div class=\"wpcf7 no-js\" id=\"wpcf7-f7923-o1\" lang=\"en-US\" dir=\"ltr\" data-wpcf7-id=\"7923\">\n<div class=\"screen-reader-response\"><p role=\"status\" aria-live=\"polite\" aria-atomic=\"true\"><\/p> <ul><\/ul><\/div>\n<form action=\"\/fr\/wp-json\/wp\/v2\/pages\/12267#wpcf7-f7923-o1\" method=\"post\" class=\"wpcf7-form init\" aria-label=\"Contact form\" novalidate=\"novalidate\" data-status=\"init\">\n<fieldset class=\"hidden-fields-container\"><input type=\"hidden\" name=\"_wpcf7\" value=\"7923\" \/><input type=\"hidden\" name=\"_wpcf7_version\" value=\"6.1.2\" \/><input type=\"hidden\" name=\"_wpcf7_locale\" value=\"en_US\" \/><input type=\"hidden\" name=\"_wpcf7_unit_tag\" value=\"wpcf7-f7923-o1\" \/><input type=\"hidden\" name=\"_wpcf7_container_post\" value=\"0\" \/><input type=\"hidden\" name=\"_wpcf7_posted_data_hash\" value=\"\" \/><input type=\"hidden\" name=\"_wpcf7_recaptcha_response\" value=\"\" \/>\n<\/fieldset>\n<div class=\"form-group\">\n <label class=\"sr-only\">votre nom<\/label>\n <span class=\"wpcf7-form-control-wrap\" data-name=\"your-name\"><input size=\"40\" maxlength=\"400\" class=\"wpcf7-form-control wpcf7-text wpcf7-validates-as-required form-control\" aria-required=\"true\" aria-invalid=\"false\" placeholder=\"votre nom\" value=\"\" type=\"text\" name=\"your-name\" \/><\/span>\n<\/div>\n\n<div class=\"form-group\">\n <label class=\"sr-only\">votre email<\/label>\n <span class=\"wpcf7-form-control-wrap\" data-name=\"your-email\"><input size=\"40\" maxlength=\"400\" class=\"wpcf7-form-control wpcf7-email wpcf7-validates-as-required wpcf7-text wpcf7-validates-as-email form-control\" aria-required=\"true\" aria-invalid=\"false\" placeholder=\"votre email\" value=\"\" type=\"email\" name=\"your-email\" \/><\/span>\n<\/div>\n\n<div class=\"form-group\">\n <label class=\"sr-only\">votre telephone<\/label>\n <span class=\"wpcf7-form-control-wrap\" data-name=\"your-phone\"><input size=\"40\" maxlength=\"400\" class=\"wpcf7-form-control wpcf7-text form-control\" aria-invalid=\"false\" placeholder=\"votre telephone\" value=\"\" type=\"text\" name=\"your-phone\" \/><\/span>\n<\/div>\n\n<div class=\"form-group\">\n<label class=\"sr-only\">votre site web<\/label>\n<span class=\"wpcf7-form-control-wrap\" data-name=\"text-495\"><input size=\"40\" maxlength=\"400\" class=\"wpcf7-form-control wpcf7-text form-control\" aria-invalid=\"false\" placeholder=\"votre site web\" value=\"\" type=\"text\" name=\"text-495\" \/><\/span>\n<\/div>\n\n<div class=\"form-group\">\n<span class=\"wpcf7-form-control-wrap\" data-name=\"checkbox-438\"><span class=\"wpcf7-form-control wpcf7-checkbox\"><span class=\"wpcf7-list-item first\"><input type=\"checkbox\" name=\"checkbox-438[]\" value=\"produit a plat\" \/><span class=\"wpcf7-list-item-label\">produit a plat<\/span><\/span><span class=\"wpcf7-list-item\"><input type=\"checkbox\" name=\"checkbox-438[]\" value=\"mannequin invisible\" \/><span class=\"wpcf7-list-item-label\">mannequin invisible<\/span><\/span><span class=\"wpcf7-list-item\"><input type=\"checkbox\" name=\"checkbox-438[]\" value=\"sur mannequin\" \/><span class=\"wpcf7-list-item-label\">sur mannequin<\/span><\/span><span class=\"wpcf7-list-item\"><input type=\"checkbox\" name=\"checkbox-438[]\" value=\"Lifestyle \/ Lookbook\" \/><span class=\"wpcf7-list-item-label\">Lifestyle \/ Lookbook<\/span><\/span><span class=\"wpcf7-list-item last\"><input type=\"checkbox\" name=\"checkbox-438[]\" value=\"video\" \/><span class=\"wpcf7-list-item-label\">video<\/span><\/span><\/span><\/span>\n<\/div>\n\n<div class=\"form-group\">\n<label class=\"sr-only\">\"combien de SKU's\"<\/label>\n<span class=\"wpcf7-form-control-wrap\" data-name=\"text-592\"><input size=\"40\" maxlength=\"400\" class=\"wpcf7-form-control wpcf7-text form-control\" aria-invalid=\"false\" placeholder=\"combien de SKU&#039;s\" value=\"\" type=\"text\" name=\"text-592\" \/><\/span>\n<\/div>\n\n<div class=\"form-group\">\n <label class=\"sr-only\">votre message<\/label>\n <span class=\"wpcf7-form-control-wrap\" data-name=\"your-message\"><textarea cols=\"40\" rows=\"4\" maxlength=\"2000\" class=\"wpcf7-form-control wpcf7-textarea wpcf7-validates-as-required form-control\" aria-required=\"true\" aria-invalid=\"false\" placeholder=\"votre message\" name=\"your-message\"><\/textarea><\/span>\n<\/div>\n\n<button class=\"wpcf7-form-control wpcf7-submit btn btn-primary qodef-button qodef-size--normal qodef-type--filled qodef-m\" type=\"submit\"><span class=\"qodef-m-text-holder\"><span class=\"qodef-m-text\">Soumettre<\/span><span class=\"qodef-m-text\">Soumettre<\/span><\/span><\/button><div class=\"wpcf7-response-output\" aria-hidden=\"true\"><\/div>\n<\/form>\n<\/div>\n<\/div>\n\t\t\t\t<\/div>\n\t\t\t\t<\/div>\n\t\t\t\t\t<\/div>\n\t\t<\/div>\n\t\t\t\t\t<\/div>\n\t\t<\/section>\n\t\t\t\t<\/div>\n\t\t","protected":false},"excerpt":{"rendered":"<p>Ecommerce et B2B Photographie et Vid\u00e9o Photographie sur mannequin invisible Chez Studio Blanc, nous sommes sp\u00e9cialis\u00e9s dans la photographie sur mannequin invisible, un service qui donne vie \u00e0 vos v\u00eatements en cr\u00e9ant un effet 3D sans que le mannequin ne soit visible. Cette technique est id\u00e9ale pour pr\u00e9senter des v\u00eatements tels que des vestes, chemises, [&hellip;]<\/p>\n","protected":false},"author":1,"featured_media":12315,"parent":0,"menu_order":0,"comment_status":"closed","ping_status":"closed","template":"","meta":{"_acf_changed":false,"_monsterinsights_skip_tracking":false,"_monsterinsights_sitenote_active":false,"_monsterinsights_sitenote_note":"","_monsterinsights_sitenote_category":0,"footnotes":""},"class_list":["post-12267","page","type-page","status-publish","has-post-thumbnail","hentry"],"acf":[],"yoast_head":"<!-- This site is optimized with the Yoast SEO plugin v24.9 - https:\/\/yoast.com\/wordpress\/plugins\/seo\/ -->\n<title>Photographie sur mannequin invisible | Studio Blanc<\/title>\n<meta name=\"description\" content=\"Am\u00e9liorez vos v\u00eatements avec la photographie sur mannequin fant\u00f4me, qui cr\u00e9e un effet 3D avec un mannequin invisible. Parfait pour le eCommerce et vos catalogues B2B, notre studio d\u00e9livre des images soign\u00e9es qui mettent en valeur vos v\u00eatements avec un rendu professionnel et haut de gamme.\" \/>\n<meta name=\"robots\" content=\"index, follow, max-snippet:-1, max-image-preview:large, max-video-preview:-1\" \/>\n<link rel=\"canonical\" href=\"https:\/\/studioblancmtl.com\/fr\/photographie-sur-mannequin-invisible\/\" \/>\n<meta property=\"og:locale\" content=\"fr_FR\" \/>\n<meta property=\"og:type\" content=\"article\" \/>\n<meta property=\"og:title\" content=\"Photographie sur mannequin invisible | Studio Blanc\" \/>\n<meta property=\"og:description\" content=\"Am\u00e9liorez vos v\u00eatements avec la photographie sur mannequin fant\u00f4me, qui cr\u00e9e un effet 3D avec un mannequin invisible. Parfait pour le eCommerce et vos catalogues B2B, notre studio d\u00e9livre des images soign\u00e9es qui mettent en valeur vos v\u00eatements avec un rendu professionnel et haut de gamme.\" \/>\n<meta property=\"og:url\" content=\"https:\/\/studioblancmtl.com\/fr\/photographie-sur-mannequin-invisible\/\" \/>\n<meta property=\"og:site_name\" content=\"Studio Blanc\" \/>\n<meta property=\"article:modified_time\" content=\"2024-09-25T20:25:17+00:00\" \/>\n<meta property=\"og:image\" content=\"https:\/\/studioblancmtl.com\/wp-content\/uploads\/2024\/08\/SB-siteimage-seo.jpg\" \/>\n\t<meta property=\"og:image:width\" content=\"1200\" \/>\n\t<meta property=\"og:image:height\" content=\"675\" \/>\n\t<meta property=\"og:image:type\" content=\"image\/jpeg\" \/>\n<meta name=\"twitter:card\" content=\"summary_large_image\" \/>\n<meta name=\"twitter:label1\" content=\"Dur\u00e9e de lecture estim\u00e9e\" \/>\n\t<meta name=\"twitter:data1\" content=\"2 minutes\" \/>\n<script type=\"application\/ld+json\" class=\"yoast-schema-graph\">{\"@context\":\"https:\/\/schema.org\",\"@graph\":[{\"@type\":\"WebPage\",\"@id\":\"https:\/\/studioblancmtl.com\/fr\/photographie-sur-mannequin-invisible\/\",\"url\":\"https:\/\/studioblancmtl.com\/fr\/photographie-sur-mannequin-invisible\/\",\"name\":\"Photographie sur mannequin invisible | Studio Blanc\",\"isPartOf\":{\"@id\":\"https:\/\/studioblancmtl.com\/#website\"},\"primaryImageOfPage\":{\"@id\":\"https:\/\/studioblancmtl.com\/fr\/photographie-sur-mannequin-invisible\/#primaryimage\"},\"image\":{\"@id\":\"https:\/\/studioblancmtl.com\/fr\/photographie-sur-mannequin-invisible\/#primaryimage\"},\"thumbnailUrl\":\"https:\/\/studioblancmtl.com\/wp-content\/uploads\/2024\/10\/SB-ogimage-600x600-1.jpg\",\"datePublished\":\"2024-09-25T14:13:36+00:00\",\"dateModified\":\"2024-09-25T20:25:17+00:00\",\"description\":\"Am\u00e9liorez vos v\u00eatements avec la photographie sur mannequin fant\u00f4me, qui cr\u00e9e un effet 3D avec un mannequin invisible. Parfait pour le eCommerce et vos catalogues B2B, notre studio d\u00e9livre des images soign\u00e9es qui mettent en valeur vos v\u00eatements avec un rendu professionnel et haut de gamme.\",\"breadcrumb\":{\"@id\":\"https:\/\/studioblancmtl.com\/fr\/photographie-sur-mannequin-invisible\/#breadcrumb\"},\"inLanguage\":\"fr-FR\",\"potentialAction\":[{\"@type\":\"ReadAction\",\"target\":[\"https:\/\/studioblancmtl.com\/fr\/photographie-sur-mannequin-invisible\/\"]}]},{\"@type\":\"ImageObject\",\"inLanguage\":\"fr-FR\",\"@id\":\"https:\/\/studioblancmtl.com\/fr\/photographie-sur-mannequin-invisible\/#primaryimage\",\"url\":\"https:\/\/studioblancmtl.com\/wp-content\/uploads\/2024\/10\/SB-ogimage-600x600-1.jpg\",\"contentUrl\":\"https:\/\/studioblancmtl.com\/wp-content\/uploads\/2024\/10\/SB-ogimage-600x600-1.jpg\",\"width\":650,\"height\":650},{\"@type\":\"BreadcrumbList\",\"@id\":\"https:\/\/studioblancmtl.com\/fr\/photographie-sur-mannequin-invisible\/#breadcrumb\",\"itemListElement\":[{\"@type\":\"ListItem\",\"position\":1,\"name\":\"Home\",\"item\":\"https:\/\/studioblancmtl.com\/fr\/\"},{\"@type\":\"ListItem\",\"position\":2,\"name\":\"Photographie sur mannequin invisible\"}]},{\"@type\":\"WebSite\",\"@id\":\"https:\/\/studioblancmtl.com\/#website\",\"url\":\"https:\/\/studioblancmtl.com\/\",\"name\":\"Studio Blanc\",\"description\":\"Ecommerce &amp; Commercial Ready Photography\",\"publisher\":{\"@id\":\"https:\/\/studioblancmtl.com\/#organization\"},\"potentialAction\":[{\"@type\":\"SearchAction\",\"target\":{\"@type\":\"EntryPoint\",\"urlTemplate\":\"https:\/\/studioblancmtl.com\/?s={search_term_string}\"},\"query-input\":{\"@type\":\"PropertyValueSpecification\",\"valueRequired\":true,\"valueName\":\"search_term_string\"}}],\"inLanguage\":\"fr-FR\"},{\"@type\":\"Organization\",\"@id\":\"https:\/\/studioblancmtl.com\/#organization\",\"name\":\"Studio Blanc MTL\",\"url\":\"https:\/\/studioblancmtl.com\/\",\"logo\":{\"@type\":\"ImageObject\",\"inLanguage\":\"fr-FR\",\"@id\":\"https:\/\/studioblancmtl.com\/#\/schema\/logo\/image\/\",\"url\":\"https:\/\/studioblancmtl.com\/wp-content\/uploads\/2024\/08\/StudioBlanc-logo-sq-black-01.jpg\",\"contentUrl\":\"https:\/\/studioblancmtl.com\/wp-content\/uploads\/2024\/08\/StudioBlanc-logo-sq-black-01.jpg\",\"width\":722,\"height\":722,\"caption\":\"Studio Blanc MTL\"},\"image\":{\"@id\":\"https:\/\/studioblancmtl.com\/#\/schema\/logo\/image\/\"},\"sameAs\":[\"https:\/\/instagram.com\/studioblancmtl\"]}]}<\/script>\n<!-- \/ Yoast SEO plugin. -->","yoast_head_json":{"title":"Photographie sur mannequin invisible | Studio Blanc","description":"Am\u00e9liorez vos v\u00eatements avec la photographie sur mannequin fant\u00f4me, qui cr\u00e9e un effet 3D avec un mannequin invisible. Parfait pour le eCommerce et vos catalogues B2B, notre studio d\u00e9livre des images soign\u00e9es qui mettent en valeur vos v\u00eatements avec un rendu professionnel et haut de gamme.","robots":{"index":"index","follow":"follow","max-snippet":"max-snippet:-1","max-image-preview":"max-image-preview:large","max-video-preview":"max-video-preview:-1"},"canonical":"https:\/\/studioblancmtl.com\/fr\/photographie-sur-mannequin-invisible\/","og_locale":"fr_FR","og_type":"article","og_title":"Photographie sur mannequin invisible | Studio Blanc","og_description":"Am\u00e9liorez vos v\u00eatements avec la photographie sur mannequin fant\u00f4me, qui cr\u00e9e un effet 3D avec un mannequin invisible. Parfait pour le eCommerce et vos catalogues B2B, notre studio d\u00e9livre des images soign\u00e9es qui mettent en valeur vos v\u00eatements avec un rendu professionnel et haut de gamme.","og_url":"https:\/\/studioblancmtl.com\/fr\/photographie-sur-mannequin-invisible\/","og_site_name":"Studio Blanc","article_modified_time":"2024-09-25T20:25:17+00:00","og_image":[{"width":1200,"height":675,"url":"https:\/\/studioblancmtl.com\/wp-content\/uploads\/2024\/08\/SB-siteimage-seo.jpg","type":"image\/jpeg"}],"twitter_card":"summary_large_image","twitter_misc":{"Dur\u00e9e de lecture estim\u00e9e":"2 minutes"},"schema":{"@context":"https:\/\/schema.org","@graph":[{"@type":"WebPage","@id":"https:\/\/studioblancmtl.com\/fr\/photographie-sur-mannequin-invisible\/","url":"https:\/\/studioblancmtl.com\/fr\/photographie-sur-mannequin-invisible\/","name":"Photographie sur mannequin invisible | Studio Blanc","isPartOf":{"@id":"https:\/\/studioblancmtl.com\/#website"},"primaryImageOfPage":{"@id":"https:\/\/studioblancmtl.com\/fr\/photographie-sur-mannequin-invisible\/#primaryimage"},"image":{"@id":"https:\/\/studioblancmtl.com\/fr\/photographie-sur-mannequin-invisible\/#primaryimage"},"thumbnailUrl":"https:\/\/studioblancmtl.com\/wp-content\/uploads\/2024\/10\/SB-ogimage-600x600-1.jpg","datePublished":"2024-09-25T14:13:36+00:00","dateModified":"2024-09-25T20:25:17+00:00","description":"Am\u00e9liorez vos v\u00eatements avec la photographie sur mannequin fant\u00f4me, qui cr\u00e9e un effet 3D avec un mannequin invisible. Parfait pour le eCommerce et vos catalogues B2B, notre studio d\u00e9livre des images soign\u00e9es qui mettent en valeur vos v\u00eatements avec un rendu professionnel et haut de gamme.","breadcrumb":{"@id":"https:\/\/studioblancmtl.com\/fr\/photographie-sur-mannequin-invisible\/#breadcrumb"},"inLanguage":"fr-FR","potentialAction":[{"@type":"ReadAction","target":["https:\/\/studioblancmtl.com\/fr\/photographie-sur-mannequin-invisible\/"]}]},{"@type":"ImageObject","inLanguage":"fr-FR","@id":"https:\/\/studioblancmtl.com\/fr\/photographie-sur-mannequin-invisible\/#primaryimage","url":"https:\/\/studioblancmtl.com\/wp-content\/uploads\/2024\/10\/SB-ogimage-600x600-1.jpg","contentUrl":"https:\/\/studioblancmtl.com\/wp-content\/uploads\/2024\/10\/SB-ogimage-600x600-1.jpg","width":650,"height":650},{"@type":"BreadcrumbList","@id":"https:\/\/studioblancmtl.com\/fr\/photographie-sur-mannequin-invisible\/#breadcrumb","itemListElement":[{"@type":"ListItem","position":1,"name":"Home","item":"https:\/\/studioblancmtl.com\/fr\/"},{"@type":"ListItem","position":2,"name":"Photographie sur mannequin invisible"}]},{"@type":"WebSite","@id":"https:\/\/studioblancmtl.com\/#website","url":"https:\/\/studioblancmtl.com\/","name":"Studio Blanc","description":"Ecommerce &amp; Commercial Ready Photography","publisher":{"@id":"https:\/\/studioblancmtl.com\/#organization"},"potentialAction":[{"@type":"SearchAction","target":{"@type":"EntryPoint","urlTemplate":"https:\/\/studioblancmtl.com\/?s={search_term_string}"},"query-input":{"@type":"PropertyValueSpecification","valueRequired":true,"valueName":"search_term_string"}}],"inLanguage":"fr-FR"},{"@type":"Organization","@id":"https:\/\/studioblancmtl.com\/#organization","name":"Studio Blanc MTL","url":"https:\/\/studioblancmtl.com\/","logo":{"@type":"ImageObject","inLanguage":"fr-FR","@id":"https:\/\/studioblancmtl.com\/#\/schema\/logo\/image\/","url":"https:\/\/studioblancmtl.com\/wp-content\/uploads\/2024\/08\/StudioBlanc-logo-sq-black-01.jpg","contentUrl":"https:\/\/studioblancmtl.com\/wp-content\/uploads\/2024\/08\/StudioBlanc-logo-sq-black-01.jpg","width":722,"height":722,"caption":"Studio Blanc MTL"},"image":{"@id":"https:\/\/studioblancmtl.com\/#\/schema\/logo\/image\/"},"sameAs":["https:\/\/instagram.com\/studioblancmtl"]}]}},"_links":{"self":[{"href":"https:\/\/studioblancmtl.com\/fr\/wp-json\/wp\/v2\/pages\/12267","targetHints":{"allow":["GET"]}}],"collection":[{"href":"https:\/\/studioblancmtl.com\/fr\/wp-json\/wp\/v2\/pages"}],"about":[{"href":"https:\/\/studioblancmtl.com\/fr\/wp-json\/wp\/v2\/types\/page"}],"author":[{"embeddable":true,"href":"https:\/\/studioblancmtl.com\/fr\/wp-json\/wp\/v2\/users\/1"}],"replies":[{"embeddable":true,"href":"https:\/\/studioblancmtl.com\/fr\/wp-json\/wp\/v2\/comments?post=12267"}],"version-history":[{"count":4,"href":"https:\/\/studioblancmtl.com\/fr\/wp-json\/wp\/v2\/pages\/12267\/revisions"}],"predecessor-version":[{"id":12271,"href":"https:\/\/studioblancmtl.com\/fr\/wp-json\/wp\/v2\/pages\/12267\/revisions\/12271"}],"wp:featuredmedia":[{"embeddable":true,"href":"https:\/\/studioblancmtl.com\/fr\/wp-json\/wp\/v2\/media\/12315"}],"wp:attachment":[{"href":"https:\/\/studioblancmtl.com\/fr\/wp-json\/wp\/v2\/media?parent=12267"}],"curies":[{"name":"wp","href":"https:\/\/api.w.org\/{rel}","templated":true}]}}