{"id":7418,"date":"2023-01-07T04:22:20","date_gmt":"2023-01-07T04:22:20","guid":{"rendered":"https:\/\/studioblancmtl.com\/beta\/jobs\/"},"modified":"2024-08-07T17:50:47","modified_gmt":"2024-08-07T17:50:47","slug":"jobs","status":"publish","type":"page","link":"https:\/\/studioblancmtl.com\/fr\/jobs\/","title":{"rendered":"Emploi"},"content":{"rendered":"\t\t<div data-elementor-type=\"wp-page\" data-elementor-id=\"7418\" class=\"elementor elementor-7418 elementor-7314\">\n\t\t\t\t\t\t<section class=\"elementor-section elementor-top-section elementor-element elementor-element-160e44e elementor-section-boxed elementor-section-height-default elementor-section-height-default qodef-elementor-content-no qodef-elementor-stretch-row-no qodef-elementor-overlay-no\" data-id=\"160e44e\" data-element_type=\"section\">\n\t\t\t\t\t\t<div class=\"elementor-container elementor-column-gap-default\">\n\t\t\t\t\t<div class=\"elementor-column elementor-col-100 elementor-top-column elementor-element elementor-element-f1b0fa1\" data-id=\"f1b0fa1\" data-element_type=\"column\">\n\t\t\t<div class=\"elementor-widget-wrap elementor-element-populated\">\n\t\t\t\t\t\t<div class=\"elementor-element elementor-element-995d02d elementor-widget elementor-widget-zermatt_core_section_title\" data-id=\"995d02d\" data-element_type=\"widget\" data-widget_type=\"zermatt_core_section_title.default\">\n\t\t\t\t<div class=\"elementor-widget-container\">\n\t\t\t\t\t<div class=\"qodef-shortcode qodef-m  qodef-section-title qodef-alignment--left \">\n\t\t\t<h2 class=\"qodef-m-title\" >\n\t\t\t\t\tEmploi\t\t\t<\/h2>\n\t\t<\/div>\t\t\t\t<\/div>\n\t\t\t\t<\/div>\n\t\t\t\t<div class=\"elementor-element elementor-element-61b29a7 elementor-widget elementor-widget-text-editor\" data-id=\"61b29a7\" data-element_type=\"widget\" data-widget_type=\"text-editor.default\">\n\t\t\t\t<div class=\"elementor-widget-container\">\n\t\t\t\t\t\t\t\t\t<h3>Int\u00e9ress\u00e9 \u00e0 travailler avec nous?<\/h3><ul><li>MUA&rsquo;s<\/li><li>Stylistes<\/li><li>Retoucheurs<\/li><li>Photographe<\/li><\/ul><p>Svp envoyer votre curriculum vitae\/ info \u00e0 booking @ studioblancmtl.com<\/p>\t\t\t\t\t\t\t\t<\/div>\n\t\t\t\t<\/div>\n\t\t\t\t\t<\/div>\n\t\t<\/div>\n\t\t\t\t\t<\/div>\n\t\t<\/section>\n\t\t\t\t<\/div>\n\t\t","protected":false},"excerpt":{"rendered":"<p>Emploi Int\u00e9ress\u00e9 \u00e0 travailler avec nous? MUA&rsquo;s Stylistes Retoucheurs Photographe Svp envoyer votre curriculum vitae\/ info \u00e0 booking @ studioblancmtl.com<\/p>\n","protected":false},"author":1,"featured_media":0,"parent":0,"menu_order":1,"comment_status":"closed","ping_status":"closed","template":"","meta":{"_acf_changed":false,"_monsterinsights_skip_tracking":false,"_monsterinsights_sitenote_active":false,"_monsterinsights_sitenote_note":"","_monsterinsights_sitenote_category":0,"footnotes":""},"class_list":["post-7418","page","type-page","status-publish","hentry"],"acf":[],"yoast_head":"<!-- This site is optimized with the Yoast SEO plugin v24.9 - https:\/\/yoast.com\/wordpress\/plugins\/seo\/ -->\n<title>Emploi | Studio Blanc<\/title>\n<meta name=\"description\" content=\"D\u00e9couvrez les opportunit\u00e9s de carri\u00e8re chez Studio Blanc ! Trouvez les offres d&#039;emploi actuelles, apprenez-en davantage sur notre culture d&#039;entreprise et d\u00e9couvrez comment vous pouvez rejoindre notre \u00e9quipe. Nous recherchons des talents pour nous aider \u00e0 cr\u00e9er une photographie eCommerce et commerciale exceptionnelle. Postulez d\u00e8s aujourd&#039;hui\" \/>\n<meta name=\"robots\" content=\"index, follow, max-snippet:-1, max-image-preview:large, max-video-preview:-1\" \/>\n<link rel=\"canonical\" href=\"https:\/\/studioblancmtl.com\/fr\/jobs\/\" \/>\n<meta property=\"og:locale\" content=\"fr_FR\" \/>\n<meta property=\"og:type\" content=\"article\" \/>\n<meta property=\"og:title\" content=\"Emploi | Studio Blanc\" \/>\n<meta property=\"og:description\" content=\"D\u00e9couvrez les opportunit\u00e9s de carri\u00e8re chez Studio Blanc ! Trouvez les offres d&#039;emploi actuelles, apprenez-en davantage sur notre culture d&#039;entreprise et d\u00e9couvrez comment vous pouvez rejoindre notre \u00e9quipe. Nous recherchons des talents pour nous aider \u00e0 cr\u00e9er une photographie eCommerce et commerciale exceptionnelle. Postulez d\u00e8s aujourd&#039;hui\" \/>\n<meta property=\"og:url\" content=\"https:\/\/studioblancmtl.com\/fr\/jobs\/\" \/>\n<meta property=\"og:site_name\" content=\"Studio Blanc\" \/>\n<meta property=\"article:modified_time\" content=\"2024-08-07T17:50:47+00:00\" \/>\n<meta property=\"og:image\" content=\"https:\/\/studioblancmtl.com\/wp-content\/uploads\/2024\/08\/SB-siteimage-seo.jpg\" \/>\n\t<meta property=\"og:image:width\" content=\"1200\" \/>\n\t<meta property=\"og:image:height\" content=\"675\" \/>\n\t<meta property=\"og:image:type\" content=\"image\/jpeg\" \/>\n<meta name=\"twitter:card\" content=\"summary_large_image\" \/>\n<meta name=\"twitter:label1\" content=\"Dur\u00e9e de lecture estim\u00e9e\" \/>\n\t<meta name=\"twitter:data1\" content=\"1 minute\" \/>\n<script type=\"application\/ld+json\" class=\"yoast-schema-graph\">{\"@context\":\"https:\/\/schema.org\",\"@graph\":[{\"@type\":\"WebPage\",\"@id\":\"https:\/\/studioblancmtl.com\/fr\/jobs\/\",\"url\":\"https:\/\/studioblancmtl.com\/fr\/jobs\/\",\"name\":\"Emploi | Studio Blanc\",\"isPartOf\":{\"@id\":\"https:\/\/studioblancmtl.com\/#website\"},\"datePublished\":\"2023-01-07T04:22:20+00:00\",\"dateModified\":\"2024-08-07T17:50:47+00:00\",\"description\":\"D\u00e9couvrez les opportunit\u00e9s de carri\u00e8re chez Studio Blanc ! Trouvez les offres d'emploi actuelles, apprenez-en davantage sur notre culture d'entreprise et d\u00e9couvrez comment vous pouvez rejoindre notre \u00e9quipe. Nous recherchons des talents pour nous aider \u00e0 cr\u00e9er une photographie eCommerce et commerciale exceptionnelle. Postulez d\u00e8s aujourd'hui\",\"breadcrumb\":{\"@id\":\"https:\/\/studioblancmtl.com\/fr\/jobs\/#breadcrumb\"},\"inLanguage\":\"fr-FR\",\"potentialAction\":[{\"@type\":\"ReadAction\",\"target\":[\"https:\/\/studioblancmtl.com\/fr\/jobs\/\"]}]},{\"@type\":\"BreadcrumbList\",\"@id\":\"https:\/\/studioblancmtl.com\/fr\/jobs\/#breadcrumb\",\"itemListElement\":[{\"@type\":\"ListItem\",\"position\":1,\"name\":\"Home\",\"item\":\"https:\/\/studioblancmtl.com\/fr\/\"},{\"@type\":\"ListItem\",\"position\":2,\"name\":\"Emploi\"}]},{\"@type\":\"WebSite\",\"@id\":\"https:\/\/studioblancmtl.com\/#website\",\"url\":\"https:\/\/studioblancmtl.com\/\",\"name\":\"Studio Blanc\",\"description\":\"Ecommerce &amp; Commercial Ready Photography\",\"publisher\":{\"@id\":\"https:\/\/studioblancmtl.com\/#organization\"},\"potentialAction\":[{\"@type\":\"SearchAction\",\"target\":{\"@type\":\"EntryPoint\",\"urlTemplate\":\"https:\/\/studioblancmtl.com\/?s={search_term_string}\"},\"query-input\":{\"@type\":\"PropertyValueSpecification\",\"valueRequired\":true,\"valueName\":\"search_term_string\"}}],\"inLanguage\":\"fr-FR\"},{\"@type\":\"Organization\",\"@id\":\"https:\/\/studioblancmtl.com\/#organization\",\"name\":\"Studio Blanc MTL\",\"url\":\"https:\/\/studioblancmtl.com\/\",\"logo\":{\"@type\":\"ImageObject\",\"inLanguage\":\"fr-FR\",\"@id\":\"https:\/\/studioblancmtl.com\/#\/schema\/logo\/image\/\",\"url\":\"https:\/\/studioblancmtl.com\/wp-content\/uploads\/2024\/08\/StudioBlanc-logo-sq-black-01.jpg\",\"contentUrl\":\"https:\/\/studioblancmtl.com\/wp-content\/uploads\/2024\/08\/StudioBlanc-logo-sq-black-01.jpg\",\"width\":722,\"height\":722,\"caption\":\"Studio Blanc MTL\"},\"image\":{\"@id\":\"https:\/\/studioblancmtl.com\/#\/schema\/logo\/image\/\"},\"sameAs\":[\"https:\/\/instagram.com\/studioblancmtl\"]}]}<\/script>\n<!-- \/ Yoast SEO plugin. -->","yoast_head_json":{"title":"Emploi | Studio Blanc","description":"D\u00e9couvrez les opportunit\u00e9s de carri\u00e8re chez Studio Blanc ! Trouvez les offres d'emploi actuelles, apprenez-en davantage sur notre culture d'entreprise et d\u00e9couvrez comment vous pouvez rejoindre notre \u00e9quipe. Nous recherchons des talents pour nous aider \u00e0 cr\u00e9er une photographie eCommerce et commerciale exceptionnelle. Postulez d\u00e8s aujourd'hui","robots":{"index":"index","follow":"follow","max-snippet":"max-snippet:-1","max-image-preview":"max-image-preview:large","max-video-preview":"max-video-preview:-1"},"canonical":"https:\/\/studioblancmtl.com\/fr\/jobs\/","og_locale":"fr_FR","og_type":"article","og_title":"Emploi | Studio Blanc","og_description":"D\u00e9couvrez les opportunit\u00e9s de carri\u00e8re chez Studio Blanc ! Trouvez les offres d'emploi actuelles, apprenez-en davantage sur notre culture d'entreprise et d\u00e9couvrez comment vous pouvez rejoindre notre \u00e9quipe. Nous recherchons des talents pour nous aider \u00e0 cr\u00e9er une photographie eCommerce et commerciale exceptionnelle. Postulez d\u00e8s aujourd'hui","og_url":"https:\/\/studioblancmtl.com\/fr\/jobs\/","og_site_name":"Studio Blanc","article_modified_time":"2024-08-07T17:50:47+00:00","og_image":[{"width":1200,"height":675,"url":"https:\/\/studioblancmtl.com\/wp-content\/uploads\/2024\/08\/SB-siteimage-seo.jpg","type":"image\/jpeg"}],"twitter_card":"summary_large_image","twitter_misc":{"Dur\u00e9e de lecture estim\u00e9e":"1 minute"},"schema":{"@context":"https:\/\/schema.org","@graph":[{"@type":"WebPage","@id":"https:\/\/studioblancmtl.com\/fr\/jobs\/","url":"https:\/\/studioblancmtl.com\/fr\/jobs\/","name":"Emploi | Studio Blanc","isPartOf":{"@id":"https:\/\/studioblancmtl.com\/#website"},"datePublished":"2023-01-07T04:22:20+00:00","dateModified":"2024-08-07T17:50:47+00:00","description":"D\u00e9couvrez les opportunit\u00e9s de carri\u00e8re chez Studio Blanc ! Trouvez les offres d'emploi actuelles, apprenez-en davantage sur notre culture d'entreprise et d\u00e9couvrez comment vous pouvez rejoindre notre \u00e9quipe. Nous recherchons des talents pour nous aider \u00e0 cr\u00e9er une photographie eCommerce et commerciale exceptionnelle. Postulez d\u00e8s aujourd'hui","breadcrumb":{"@id":"https:\/\/studioblancmtl.com\/fr\/jobs\/#breadcrumb"},"inLanguage":"fr-FR","potentialAction":[{"@type":"ReadAction","target":["https:\/\/studioblancmtl.com\/fr\/jobs\/"]}]},{"@type":"BreadcrumbList","@id":"https:\/\/studioblancmtl.com\/fr\/jobs\/#breadcrumb","itemListElement":[{"@type":"ListItem","position":1,"name":"Home","item":"https:\/\/studioblancmtl.com\/fr\/"},{"@type":"ListItem","position":2,"name":"Emploi"}]},{"@type":"WebSite","@id":"https:\/\/studioblancmtl.com\/#website","url":"https:\/\/studioblancmtl.com\/","name":"Studio Blanc","description":"Ecommerce &amp; Commercial Ready Photography","publisher":{"@id":"https:\/\/studioblancmtl.com\/#organization"},"potentialAction":[{"@type":"SearchAction","target":{"@type":"EntryPoint","urlTemplate":"https:\/\/studioblancmtl.com\/?s={search_term_string}"},"query-input":{"@type":"PropertyValueSpecification","valueRequired":true,"valueName":"search_term_string"}}],"inLanguage":"fr-FR"},{"@type":"Organization","@id":"https:\/\/studioblancmtl.com\/#organization","name":"Studio Blanc MTL","url":"https:\/\/studioblancmtl.com\/","logo":{"@type":"ImageObject","inLanguage":"fr-FR","@id":"https:\/\/studioblancmtl.com\/#\/schema\/logo\/image\/","url":"https:\/\/studioblancmtl.com\/wp-content\/uploads\/2024\/08\/StudioBlanc-logo-sq-black-01.jpg","contentUrl":"https:\/\/studioblancmtl.com\/wp-content\/uploads\/2024\/08\/StudioBlanc-logo-sq-black-01.jpg","width":722,"height":722,"caption":"Studio Blanc MTL"},"image":{"@id":"https:\/\/studioblancmtl.com\/#\/schema\/logo\/image\/"},"sameAs":["https:\/\/instagram.com\/studioblancmtl"]}]}},"_links":{"self":[{"href":"https:\/\/studioblancmtl.com\/fr\/wp-json\/wp\/v2\/pages\/7418","targetHints":{"allow":["GET"]}}],"collection":[{"href":"https:\/\/studioblancmtl.com\/fr\/wp-json\/wp\/v2\/pages"}],"about":[{"href":"https:\/\/studioblancmtl.com\/fr\/wp-json\/wp\/v2\/types\/page"}],"author":[{"embeddable":true,"href":"https:\/\/studioblancmtl.com\/fr\/wp-json\/wp\/v2\/users\/1"}],"replies":[{"embeddable":true,"href":"https:\/\/studioblancmtl.com\/fr\/wp-json\/wp\/v2\/comments?post=7418"}],"version-history":[{"count":10,"href":"https:\/\/studioblancmtl.com\/fr\/wp-json\/wp\/v2\/pages\/7418\/revisions"}],"predecessor-version":[{"id":12034,"href":"https:\/\/studioblancmtl.com\/fr\/wp-json\/wp\/v2\/pages\/7418\/revisions\/12034"}],"wp:attachment":[{"href":"https:\/\/studioblancmtl.com\/fr\/wp-json\/wp\/v2\/media?parent=7418"}],"curies":[{"name":"wp","href":"https:\/\/api.w.org\/{rel}","templated":true}]}}