{"id":7420,"date":"2022-09-14T18:01:39","date_gmt":"2022-09-14T18:01:39","guid":{"rendered":"https:\/\/studioblancmtl.com\/beta\/faq\/"},"modified":"2024-08-12T15:30:47","modified_gmt":"2024-08-12T15:30:47","slug":"faq","status":"publish","type":"page","link":"https:\/\/studioblancmtl.com\/fr\/faq\/","title":{"rendered":"FAQ"},"content":{"rendered":"\t\t<div data-elementor-type=\"wp-page\" data-elementor-id=\"7420\" class=\"elementor elementor-7420 elementor-836\">\n\t\t\t\t\t\t<section class=\"elementor-section elementor-top-section elementor-element elementor-element-e61c58e elementor-section-boxed elementor-section-height-default elementor-section-height-default qodef-elementor-content-no qodef-elementor-stretch-row-no qodef-elementor-overlay-no\" data-id=\"e61c58e\" data-element_type=\"section\">\n\t\t\t\t\t\t<div class=\"elementor-container elementor-column-gap-default\">\n\t\t\t\t\t<div class=\"elementor-column elementor-col-100 elementor-top-column elementor-element elementor-element-56ec617\" data-id=\"56ec617\" data-element_type=\"column\">\n\t\t\t<div class=\"elementor-widget-wrap elementor-element-populated\">\n\t\t\t\t\t\t<div class=\"elementor-element elementor-element-b04ef03 elementor-widget elementor-widget-heading\" data-id=\"b04ef03\" data-element_type=\"widget\" data-widget_type=\"heading.default\">\n\t\t\t\t<div class=\"elementor-widget-container\">\n\t\t\t\t\t<h2 class=\"elementor-heading-title elementor-size-default\">FAQs<\/h2>\t\t\t\t<\/div>\n\t\t\t\t<\/div>\n\t\t\t\t<div class=\"elementor-element elementor-element-612f876 elementor-widget elementor-widget-spacer\" data-id=\"612f876\" data-element_type=\"widget\" data-widget_type=\"spacer.default\">\n\t\t\t\t<div class=\"elementor-widget-container\">\n\t\t\t\t\t\t\t<div class=\"elementor-spacer\">\n\t\t\t<div class=\"elementor-spacer-inner\"><\/div>\n\t\t<\/div>\n\t\t\t\t\t\t<\/div>\n\t\t\t\t<\/div>\n\t\t\t\t\t<\/div>\n\t\t<\/div>\n\t\t\t\t\t<\/div>\n\t\t<\/section>\n\t\t\t\t<section class=\"elementor-section elementor-top-section elementor-element elementor-element-9c341f6 elementor-section-boxed elementor-section-height-default elementor-section-height-default qodef-elementor-content-no qodef-elementor-stretch-row-no qodef-elementor-overlay-no\" data-id=\"9c341f6\" data-element_type=\"section\">\n\t\t\t\t\t\t<div class=\"elementor-container elementor-column-gap-default\">\n\t\t\t\t\t<div class=\"elementor-column elementor-col-100 elementor-top-column elementor-element elementor-element-e667bb9\" data-id=\"e667bb9\" data-element_type=\"column\">\n\t\t\t<div class=\"elementor-widget-wrap elementor-element-populated\">\n\t\t\t\t\t\t<div class=\"elementor-element elementor-element-a96904f elementor-widget elementor-widget-qi_addons_for_elementor_faq\" data-id=\"a96904f\" data-element_type=\"widget\" data-widget_type=\"qi_addons_for_elementor_faq.default\">\n\t\t\t\t<div class=\"elementor-widget-container\">\n\t\t\t\t\t<div class=\"qodef-shortcode qodef-m qodef-qi-faq qodef-qi-clear qodef-behavior--accordion qodef-layout--simple qodef-style--border-between\">\n\t<h3 class=\"qodef-e-title-holder\">\n\t<span class=\"qodef-e-title\">\n\t\t\t\tQuand est-ce que je vais recevoir mes images?\t<\/span>\n\t\t<span class=\"qodef-e-mark\">\n\t\t<span class=\"qodef-icon--plus\">\n\t\t\t\t<span class=\"qodef-e-icon\">\n\t\t<i aria-hidden=\"true\" class=\"fas fa-plus\"><\/i>\t<\/span>\n\t\t\t<\/span>\n\t\t<span class=\"qodef-icon--minus\">\n\t\t\t\t<span class=\"qodef-e-icon\">\n\t\t<i aria-hidden=\"true\" class=\"fas fa-minus\"><\/i>\t<\/span>\n\t\t\t<\/span>\n\t<\/span>\n\t<\/h3>\n<div class=\"qodef-e-content\">\n\t<div class=\"qodef-e-content-inner\">\n\t\t<p>Notre turnaround est de 7 a 10 jours ouvrables \u00e0 partir de la journ\u00e9e du shoot.<\/p>\t<\/div>\n<\/div>\n<h3 class=\"qodef-e-title-holder\">\n\t<span class=\"qodef-e-title\">\n\t\t\t\tJe souhaite faire un shoot sur mannequin, est-ce que vous fournissez les mannequins? \t<\/span>\n\t\t<span class=\"qodef-e-mark\">\n\t\t<span class=\"qodef-icon--plus\">\n\t\t\t\t<span class=\"qodef-e-icon\">\n\t\t<i aria-hidden=\"true\" class=\"fas fa-plus\"><\/i>\t<\/span>\n\t\t\t<\/span>\n\t\t<span class=\"qodef-icon--minus\">\n\t\t\t\t<span class=\"qodef-e-icon\">\n\t\t<i aria-hidden=\"true\" class=\"fas fa-minus\"><\/i>\t<\/span>\n\t\t\t<\/span>\n\t<\/span>\n\t<\/h3>\n<div class=\"qodef-e-content\">\n\t<div class=\"qodef-e-content-inner\">\n\t\t<p>Non, nous ne fournissons pas de mannequin sur un shoot. Vous devez vous occuper de <br \/>booker les mannequins pour votre s\u00e9ance photo.<\/p>\t<\/div>\n<\/div>\n<h3 class=\"qodef-e-title-holder\">\n\t<span class=\"qodef-e-title\">\n\t\t\t\tNous avons un rush, pouvons-nous avoir les images plus rapidement?\t<\/span>\n\t\t<span class=\"qodef-e-mark\">\n\t\t<span class=\"qodef-icon--plus\">\n\t\t\t\t<span class=\"qodef-e-icon\">\n\t\t<i aria-hidden=\"true\" class=\"fas fa-plus\"><\/i>\t<\/span>\n\t\t\t<\/span>\n\t\t<span class=\"qodef-icon--minus\">\n\t\t\t\t<span class=\"qodef-e-icon\">\n\t\t<i aria-hidden=\"true\" class=\"fas fa-minus\"><\/i>\t<\/span>\n\t\t\t<\/span>\n\t<\/span>\n\t<\/h3>\n<div class=\"qodef-e-content\">\n\t<div class=\"qodef-e-content-inner\">\n\t\t<p>Oui, nous pouvons acc\u00e9l\u00e9rer le processus, mais vous devez nous en aviser d\u2019avance et <br \/>nous indiquer quelles pi\u00e8ces vous souhaitez recevoir en priorit\u00e9.<\/p>\t<\/div>\n<\/div>\n<h3 class=\"qodef-e-title-holder\">\n\t<span class=\"qodef-e-title\">\n\t\t\t\tEst-ce que je peux faire des commentaires une fois que j\u2019ai re\u00e7u mes images?\t<\/span>\n\t\t<span class=\"qodef-e-mark\">\n\t\t<span class=\"qodef-icon--plus\">\n\t\t\t\t<span class=\"qodef-e-icon\">\n\t\t<i aria-hidden=\"true\" class=\"fas fa-plus\"><\/i>\t<\/span>\n\t\t\t<\/span>\n\t\t<span class=\"qodef-icon--minus\">\n\t\t\t\t<span class=\"qodef-e-icon\">\n\t\t<i aria-hidden=\"true\" class=\"fas fa-minus\"><\/i>\t<\/span>\n\t\t\t<\/span>\n\t<\/span>\n\t<\/h3>\n<div class=\"qodef-e-content\">\n\t<div class=\"qodef-e-content-inner\">\n\t\t<p>Oui certainement, il peut y avoir des ajustements \u00e0 faire sur certaines images.<\/p>\t<\/div>\n<\/div>\n<h3 class=\"qodef-e-title-holder\">\n\t<span class=\"qodef-e-title\">\n\t\t\t\tEst-ce que je peux venir d\u00e9poser les produits en personne?\t<\/span>\n\t\t<span class=\"qodef-e-mark\">\n\t\t<span class=\"qodef-icon--plus\">\n\t\t\t\t<span class=\"qodef-e-icon\">\n\t\t<i aria-hidden=\"true\" class=\"fas fa-plus\"><\/i>\t<\/span>\n\t\t\t<\/span>\n\t\t<span class=\"qodef-icon--minus\">\n\t\t\t\t<span class=\"qodef-e-icon\">\n\t\t<i aria-hidden=\"true\" class=\"fas fa-minus\"><\/i>\t<\/span>\n\t\t\t<\/span>\n\t<\/span>\n\t<\/h3>\n<div class=\"qodef-e-content\">\n\t<div class=\"qodef-e-content-inner\">\n\t\t<p>Oui certainement, \u00e9crivez-nous avant pour nous assurer que quelqu\u2019un soit au studio: booking@studioblancmtl.com<\/p>\t<\/div>\n<\/div>\n<h3 class=\"qodef-e-title-holder\">\n\t<span class=\"qodef-e-title\">\n\t\t\t\tEst-ce que je re\u00e7ois mes images pr\u00eates pour le web\/ pouvez-vous formater mes images pour Amazon et Shopify?\/ Quels sont les formats dans lesquels je peux recevoir mes images?\t<\/span>\n\t\t<span class=\"qodef-e-mark\">\n\t\t<span class=\"qodef-icon--plus\">\n\t\t\t\t<span class=\"qodef-e-icon\">\n\t\t<i aria-hidden=\"true\" class=\"fas fa-plus\"><\/i>\t<\/span>\n\t\t\t<\/span>\n\t\t<span class=\"qodef-icon--minus\">\n\t\t\t\t<span class=\"qodef-e-icon\">\n\t\t<i aria-hidden=\"true\" class=\"fas fa-minus\"><\/i>\t<\/span>\n\t\t\t<\/span>\n\t<\/span>\n\t<\/h3>\n<div class=\"qodef-e-content\">\n\t<div class=\"qodef-e-content-inner\">\n\t\t<p>Oui, vous pouvez nous donner vos sp\u00e9cifications et nous pr\u00e9parerons les images selon\u00a0vos crit\u00e8res que ce soit pour votre site web ou Amazon et Shopify.\u00a0<\/p><p>Les formats d\u2019image que vous recevez sont: PNG, TIFF et JPEG<\/p>\t<\/div>\n<\/div>\n<h3 class=\"qodef-e-title-holder\">\n\t<span class=\"qodef-e-title\">\n\t\t\t\tJe souhaite faire un shoot Lifestyle avec des accessoires, comment \u00e7a marche?\t<\/span>\n\t\t<span class=\"qodef-e-mark\">\n\t\t<span class=\"qodef-icon--plus\">\n\t\t\t\t<span class=\"qodef-e-icon\">\n\t\t<i aria-hidden=\"true\" class=\"fas fa-plus\"><\/i>\t<\/span>\n\t\t\t<\/span>\n\t\t<span class=\"qodef-icon--minus\">\n\t\t\t\t<span class=\"qodef-e-icon\">\n\t\t<i aria-hidden=\"true\" class=\"fas fa-minus\"><\/i>\t<\/span>\n\t\t\t<\/span>\n\t<\/span>\n\t<\/h3>\n<div class=\"qodef-e-content\">\n\t<div class=\"qodef-e-content-inner\">\n\t\t<p>Vous devez nous fournir les accessoires que vous souhaitez voir sur vos photos et un moodboard.<\/p>\t<\/div>\n<\/div>\n<h3 class=\"qodef-e-title-holder\">\n\t<span class=\"qodef-e-title\">\n\t\t\t\tQu\u2019est-ce que les frais de post-production?\t<\/span>\n\t\t<span class=\"qodef-e-mark\">\n\t\t<span class=\"qodef-icon--plus\">\n\t\t\t\t<span class=\"qodef-e-icon\">\n\t\t<i aria-hidden=\"true\" class=\"fas fa-plus\"><\/i>\t<\/span>\n\t\t\t<\/span>\n\t\t<span class=\"qodef-icon--minus\">\n\t\t\t\t<span class=\"qodef-e-icon\">\n\t\t<i aria-hidden=\"true\" class=\"fas fa-minus\"><\/i>\t<\/span>\n\t\t\t<\/span>\n\t<\/span>\n\t<\/h3>\n<div class=\"qodef-e-content\">\n\t<div class=\"qodef-e-content-inner\">\n\t\t<p>Les frais de post sont les frais li\u00e9s \u00e0 la gestion des images, une fois que la s\u00e9ance photo a <br \/>eu lieu. Cela couvre une partie des frais de retouche et peut varier d\u00e9pendamment du \u00a0type d\u2019items \u00e0 photographier. Comme par exemple, s\u2019il s\u2019agit de dentelles ou de complets veston le temps de <br \/>retouche sera plus long.<\/p>\t<\/div>\n<\/div>\n<h3 class=\"qodef-e-title-holder\">\n\t<span class=\"qodef-e-title\">\n\t\t\t\tEst-ce que j\u2019ai besoin d\u2019\u00eatre l\u00e0 pour le shoot?\t<\/span>\n\t\t<span class=\"qodef-e-mark\">\n\t\t<span class=\"qodef-icon--plus\">\n\t\t\t\t<span class=\"qodef-e-icon\">\n\t\t<i aria-hidden=\"true\" class=\"fas fa-plus\"><\/i>\t<\/span>\n\t\t\t<\/span>\n\t\t<span class=\"qodef-icon--minus\">\n\t\t\t\t<span class=\"qodef-e-icon\">\n\t\t<i aria-hidden=\"true\" class=\"fas fa-minus\"><\/i>\t<\/span>\n\t\t\t<\/span>\n\t<\/span>\n\t<\/h3>\n<div class=\"qodef-e-content\">\n\t<div class=\"qodef-e-content-inner\">\n\t\t<p>Non, pour les s\u00e9ances de mannequin invisibles et de produits \u00e0 plat vous n\u2019\u00eates pas oblig\u00e9. Cependant vous devez nous envoyer votre brief et\/ ou vos indications.<\/p><p>Pour les shoots on-model nous pr\u00e9f\u00e9rons qu\u2019une personne de votre staff ou votre DA soit pr\u00e9sent pendant le shoot.<\/p>\t<\/div>\n<\/div>\n<h3 class=\"qodef-e-title-holder\">\n\t<span class=\"qodef-e-title\">\n\t\t\t\tEst-ce que nous pouvons louer le studio?\t<\/span>\n\t\t<span class=\"qodef-e-mark\">\n\t\t<span class=\"qodef-icon--plus\">\n\t\t\t\t<span class=\"qodef-e-icon\">\n\t\t<i aria-hidden=\"true\" class=\"fas fa-plus\"><\/i>\t<\/span>\n\t\t\t<\/span>\n\t\t<span class=\"qodef-icon--minus\">\n\t\t\t\t<span class=\"qodef-e-icon\">\n\t\t<i aria-hidden=\"true\" class=\"fas fa-minus\"><\/i>\t<\/span>\n\t\t\t<\/span>\n\t<\/span>\n\t<\/h3>\n<div class=\"qodef-e-content\">\n\t<div class=\"qodef-e-content-inner\">\n\t\t<p>Non, nous ne louons pas le studio.<\/p>\t<\/div>\n<\/div>\n<h3 class=\"qodef-e-title-holder\">\n\t<span class=\"qodef-e-title\">\n\t\t\t\tTemps maximum pour laisser vos \u00e9chantillons au Studio\t<\/span>\n\t\t<span class=\"qodef-e-mark\">\n\t\t<span class=\"qodef-icon--plus\">\n\t\t\t\t<span class=\"qodef-e-icon\">\n\t\t<i aria-hidden=\"true\" class=\"fas fa-plus\"><\/i>\t<\/span>\n\t\t\t<\/span>\n\t\t<span class=\"qodef-icon--minus\">\n\t\t\t\t<span class=\"qodef-e-icon\">\n\t\t<i aria-hidden=\"true\" class=\"fas fa-minus\"><\/i>\t<\/span>\n\t\t\t<\/span>\n\t<\/span>\n\t<\/h3>\n<div class=\"qodef-e-content\">\n\t<div class=\"qodef-e-content-inner\">\n\t\t<p>Lorsque votre projet est termin\u00e9 nous appr\u00e9cions que vous veniez r\u00e9cup\u00e9rer vos samples le plus rapidement possible. Nous comprenons qu\u2019il puisse y avoir des d\u00e9lais, vous \u00eates trop occup\u00e9\/ vous avez oubli\u00e9. Nous allons garder vos \u00e9chantillons au studio pour une p\u00e9riode de 6 mois et vous envoyer au moins un rappel pendant cette p\u00e9riode. Apr\u00e8s une p\u00e9riode de 6 mois nous allons soit recycler vos \u00e9chantillons ou les donner.\u00a0<\/p>\t<\/div>\n<\/div>\n<\/div>\n\t<script type=\"application\/ld+json\">{\"@context\":\"https:\\\/\\\/schema.org\",\"@type\":\"FAQPage\",\"mainEntity\":[{\"@type\":\"Question\",\"name\":\"Quand est-ce que je vais recevoir mes images?\",\"acceptedAnswer\":{\"@type\":\"Answer\",\"text\":\"<p>Notre turnaround est de 7 a 10 jours ouvrables \\u00e0 partir de la journ\\u00e9e du shoot.<\\\/p>\"}},{\"@type\":\"Question\",\"name\":\"Je souhaite faire un shoot sur mannequin, est-ce que vous fournissez les mannequins? \",\"acceptedAnswer\":{\"@type\":\"Answer\",\"text\":\"<p>Non, nous ne fournissons pas de mannequin sur un shoot. Vous devez vous occuper de <br \\\/>booker les mannequins pour votre s\\u00e9ance photo.<\\\/p>\"}},{\"@type\":\"Question\",\"name\":\"Nous avons un rush, pouvons-nous avoir les images plus rapidement?\",\"acceptedAnswer\":{\"@type\":\"Answer\",\"text\":\"<p>Oui, nous pouvons acc\\u00e9l\\u00e9rer le processus, mais vous devez nous en aviser d\\u2019avance et <br \\\/>nous indiquer quelles pi\\u00e8ces vous souhaitez recevoir en priorit\\u00e9.<\\\/p>\"}},{\"@type\":\"Question\",\"name\":\"Est-ce que je peux faire des commentaires une fois que j\\u2019ai re\\u00e7u mes images?\",\"acceptedAnswer\":{\"@type\":\"Answer\",\"text\":\"<p>Oui certainement, il peut y avoir des ajustements \\u00e0 faire sur certaines images.<\\\/p>\"}},{\"@type\":\"Question\",\"name\":\"Est-ce que je peux venir d\\u00e9poser les produits en personne?\",\"acceptedAnswer\":{\"@type\":\"Answer\",\"text\":\"<p>Oui certainement, \\u00e9crivez-nous avant pour nous assurer que quelqu\\u2019un soit au studio: booking@studioblancmtl.com<\\\/p>\"}},{\"@type\":\"Question\",\"name\":\"Est-ce que je re\\u00e7ois mes images pr\\u00eates pour le web\\\/ pouvez-vous formater mes images pour Amazon et Shopify?\\\/ Quels sont les formats dans lesquels je peux recevoir mes images?\",\"acceptedAnswer\":{\"@type\":\"Answer\",\"text\":\"<p>Oui, vous pouvez nous donner vos sp\\u00e9cifications et nous pr\\u00e9parerons les images selon\\u00a0vos crit\\u00e8res que ce soit pour votre site web ou Amazon et Shopify.\\u00a0<\\\/p><p>Les formats d\\u2019image que vous recevez sont: PNG, TIFF et JPEG<\\\/p>\"}},{\"@type\":\"Question\",\"name\":\"Je souhaite faire un shoot Lifestyle avec des accessoires, comment \\u00e7a marche?\",\"acceptedAnswer\":{\"@type\":\"Answer\",\"text\":\"<p>Vous devez nous fournir les accessoires que vous souhaitez voir sur vos photos et un moodboard.<\\\/p>\"}},{\"@type\":\"Question\",\"name\":\"Qu\\u2019est-ce que les frais de post-production?\",\"acceptedAnswer\":{\"@type\":\"Answer\",\"text\":\"<p>Les frais de post sont les frais li\\u00e9s \\u00e0 la gestion des images, une fois que la s\\u00e9ance photo a <br \\\/>eu lieu. Cela couvre une partie des frais de retouche et peut varier d\\u00e9pendamment du \\u00a0type d\\u2019items \\u00e0 photographier. Comme par exemple, s\\u2019il s\\u2019agit de dentelles ou de complets veston le temps de <br \\\/>retouche sera plus long.<\\\/p>\"}},{\"@type\":\"Question\",\"name\":\"Est-ce que j\\u2019ai besoin d\\u2019\\u00eatre l\\u00e0 pour le shoot?\",\"acceptedAnswer\":{\"@type\":\"Answer\",\"text\":\"<p>Non, pour les s\\u00e9ances de mannequin invisibles et de produits \\u00e0 plat vous n\\u2019\\u00eates pas oblig\\u00e9. Cependant vous devez nous envoyer votre brief et\\\/ ou vos indications.<\\\/p><p>Pour les shoots on-model nous pr\\u00e9f\\u00e9rons qu\\u2019une personne de votre staff ou votre DA soit pr\\u00e9sent pendant le shoot.<\\\/p>\"}},{\"@type\":\"Question\",\"name\":\"Est-ce que nous pouvons louer le studio?\",\"acceptedAnswer\":{\"@type\":\"Answer\",\"text\":\"<p>Non, nous ne louons pas le studio.<\\\/p>\"}},{\"@type\":\"Question\",\"name\":\"Temps maximum pour laisser vos \\u00e9chantillons au Studio\",\"acceptedAnswer\":{\"@type\":\"Answer\",\"text\":\"<p>Lorsque votre projet est termin\\u00e9 nous appr\\u00e9cions que vous veniez r\\u00e9cup\\u00e9rer vos samples le plus rapidement possible. Nous comprenons qu\\u2019il puisse y avoir des d\\u00e9lais, vous \\u00eates trop occup\\u00e9\\\/ vous avez oubli\\u00e9. Nous allons garder vos \\u00e9chantillons au studio pour une p\\u00e9riode de 6 mois et vous envoyer au moins un rappel pendant cette p\\u00e9riode. Apr\\u00e8s une p\\u00e9riode de 6 mois nous allons soit recycler vos \\u00e9chantillons ou les donner.\\u00a0<\\\/p>\"}}]}<\/script>\n\t\t\t\t<\/div>\n\t\t\t\t<\/div>\n\t\t\t\t\t<\/div>\n\t\t<\/div>\n\t\t\t\t\t<\/div>\n\t\t<\/section>\n\t\t\t\t<\/div>\n\t\t","protected":false},"excerpt":{"rendered":"<p>FAQs Quand est-ce que je vais recevoir mes images? Notre turnaround est de 7 a 10 jours ouvrables \u00e0 partir de la journ\u00e9e du shoot. Je souhaite faire un shoot sur mannequin, est-ce que vous fournissez les mannequins? Non, nous ne fournissons pas de mannequin sur un shoot. Vous devez vous occuper de booker les [&hellip;]<\/p>\n","protected":false},"author":1,"featured_media":0,"parent":0,"menu_order":1,"comment_status":"closed","ping_status":"closed","template":"","meta":{"_acf_changed":false,"_monsterinsights_skip_tracking":false,"_monsterinsights_sitenote_active":false,"_monsterinsights_sitenote_note":"","_monsterinsights_sitenote_category":0,"footnotes":""},"class_list":["post-7420","page","type-page","status-publish","hentry"],"acf":[],"yoast_head":"<!-- This site is optimized with the Yoast SEO plugin v24.9 - https:\/\/yoast.com\/wordpress\/plugins\/seo\/ -->\n<title>FAQ | Studio Blanc<\/title>\n<meta name=\"description\" content=\"Consultez notre page FAQ pour trouver des r\u00e9ponses aux questions les plus fr\u00e9quemment pos\u00e9es concernant nos services de photographie. D\u00e9couvrez des informations utiles sur nos processus, tarifs, d\u00e9lais, et plus encore pour vous aider \u00e0 mieux comprendre notre offre.\" \/>\n<meta name=\"robots\" content=\"index, follow, max-snippet:-1, max-image-preview:large, max-video-preview:-1\" \/>\n<link rel=\"canonical\" href=\"https:\/\/studioblancmtl.com\/fr\/faq\/\" \/>\n<meta property=\"og:locale\" content=\"fr_FR\" \/>\n<meta property=\"og:type\" content=\"article\" \/>\n<meta property=\"og:title\" content=\"FAQ | Studio Blanc\" \/>\n<meta property=\"og:description\" content=\"Consultez notre page FAQ pour trouver des r\u00e9ponses aux questions les plus fr\u00e9quemment pos\u00e9es concernant nos services de photographie. D\u00e9couvrez des informations utiles sur nos processus, tarifs, d\u00e9lais, et plus encore pour vous aider \u00e0 mieux comprendre notre offre.\" \/>\n<meta property=\"og:url\" content=\"https:\/\/studioblancmtl.com\/fr\/faq\/\" \/>\n<meta property=\"og:site_name\" content=\"Studio Blanc\" \/>\n<meta property=\"article:modified_time\" content=\"2024-08-12T15:30:47+00:00\" \/>\n<meta property=\"og:image\" content=\"https:\/\/studioblancmtl.com\/wp-content\/uploads\/2024\/08\/SB-siteimage-seo.jpg\" \/>\n\t<meta property=\"og:image:width\" content=\"1200\" \/>\n\t<meta property=\"og:image:height\" content=\"675\" \/>\n\t<meta property=\"og:image:type\" content=\"image\/jpeg\" \/>\n<meta name=\"twitter:card\" content=\"summary_large_image\" \/>\n<meta name=\"twitter:label1\" content=\"Dur\u00e9e de lecture estim\u00e9e\" \/>\n\t<meta name=\"twitter:data1\" content=\"2 minutes\" \/>\n<script type=\"application\/ld+json\" class=\"yoast-schema-graph\">{\"@context\":\"https:\/\/schema.org\",\"@graph\":[{\"@type\":\"WebPage\",\"@id\":\"https:\/\/studioblancmtl.com\/fr\/faq\/\",\"url\":\"https:\/\/studioblancmtl.com\/fr\/faq\/\",\"name\":\"FAQ | Studio Blanc\",\"isPartOf\":{\"@id\":\"https:\/\/studioblancmtl.com\/#website\"},\"datePublished\":\"2022-09-14T18:01:39+00:00\",\"dateModified\":\"2024-08-12T15:30:47+00:00\",\"description\":\"Consultez notre page FAQ pour trouver des r\u00e9ponses aux questions les plus fr\u00e9quemment pos\u00e9es concernant nos services de photographie. D\u00e9couvrez des informations utiles sur nos processus, tarifs, d\u00e9lais, et plus encore pour vous aider \u00e0 mieux comprendre notre offre.\",\"breadcrumb\":{\"@id\":\"https:\/\/studioblancmtl.com\/fr\/faq\/#breadcrumb\"},\"inLanguage\":\"fr-FR\",\"potentialAction\":[{\"@type\":\"ReadAction\",\"target\":[\"https:\/\/studioblancmtl.com\/fr\/faq\/\"]}]},{\"@type\":\"BreadcrumbList\",\"@id\":\"https:\/\/studioblancmtl.com\/fr\/faq\/#breadcrumb\",\"itemListElement\":[{\"@type\":\"ListItem\",\"position\":1,\"name\":\"Home\",\"item\":\"https:\/\/studioblancmtl.com\/fr\/\"},{\"@type\":\"ListItem\",\"position\":2,\"name\":\"FAQ\"}]},{\"@type\":\"WebSite\",\"@id\":\"https:\/\/studioblancmtl.com\/#website\",\"url\":\"https:\/\/studioblancmtl.com\/\",\"name\":\"Studio Blanc\",\"description\":\"Ecommerce &amp; Commercial Ready Photography\",\"publisher\":{\"@id\":\"https:\/\/studioblancmtl.com\/#organization\"},\"potentialAction\":[{\"@type\":\"SearchAction\",\"target\":{\"@type\":\"EntryPoint\",\"urlTemplate\":\"https:\/\/studioblancmtl.com\/?s={search_term_string}\"},\"query-input\":{\"@type\":\"PropertyValueSpecification\",\"valueRequired\":true,\"valueName\":\"search_term_string\"}}],\"inLanguage\":\"fr-FR\"},{\"@type\":\"Organization\",\"@id\":\"https:\/\/studioblancmtl.com\/#organization\",\"name\":\"Studio Blanc MTL\",\"url\":\"https:\/\/studioblancmtl.com\/\",\"logo\":{\"@type\":\"ImageObject\",\"inLanguage\":\"fr-FR\",\"@id\":\"https:\/\/studioblancmtl.com\/#\/schema\/logo\/image\/\",\"url\":\"https:\/\/studioblancmtl.com\/wp-content\/uploads\/2024\/08\/StudioBlanc-logo-sq-black-01.jpg\",\"contentUrl\":\"https:\/\/studioblancmtl.com\/wp-content\/uploads\/2024\/08\/StudioBlanc-logo-sq-black-01.jpg\",\"width\":722,\"height\":722,\"caption\":\"Studio Blanc MTL\"},\"image\":{\"@id\":\"https:\/\/studioblancmtl.com\/#\/schema\/logo\/image\/\"},\"sameAs\":[\"https:\/\/instagram.com\/studioblancmtl\"]}]}<\/script>\n<!-- \/ Yoast SEO plugin. -->","yoast_head_json":{"title":"FAQ | Studio Blanc","description":"Consultez notre page FAQ pour trouver des r\u00e9ponses aux questions les plus fr\u00e9quemment pos\u00e9es concernant nos services de photographie. D\u00e9couvrez des informations utiles sur nos processus, tarifs, d\u00e9lais, et plus encore pour vous aider \u00e0 mieux comprendre notre offre.","robots":{"index":"index","follow":"follow","max-snippet":"max-snippet:-1","max-image-preview":"max-image-preview:large","max-video-preview":"max-video-preview:-1"},"canonical":"https:\/\/studioblancmtl.com\/fr\/faq\/","og_locale":"fr_FR","og_type":"article","og_title":"FAQ | Studio Blanc","og_description":"Consultez notre page FAQ pour trouver des r\u00e9ponses aux questions les plus fr\u00e9quemment pos\u00e9es concernant nos services de photographie. D\u00e9couvrez des informations utiles sur nos processus, tarifs, d\u00e9lais, et plus encore pour vous aider \u00e0 mieux comprendre notre offre.","og_url":"https:\/\/studioblancmtl.com\/fr\/faq\/","og_site_name":"Studio Blanc","article_modified_time":"2024-08-12T15:30:47+00:00","og_image":[{"width":1200,"height":675,"url":"https:\/\/studioblancmtl.com\/wp-content\/uploads\/2024\/08\/SB-siteimage-seo.jpg","type":"image\/jpeg"}],"twitter_card":"summary_large_image","twitter_misc":{"Dur\u00e9e de lecture estim\u00e9e":"2 minutes"},"schema":{"@context":"https:\/\/schema.org","@graph":[{"@type":"WebPage","@id":"https:\/\/studioblancmtl.com\/fr\/faq\/","url":"https:\/\/studioblancmtl.com\/fr\/faq\/","name":"FAQ | Studio Blanc","isPartOf":{"@id":"https:\/\/studioblancmtl.com\/#website"},"datePublished":"2022-09-14T18:01:39+00:00","dateModified":"2024-08-12T15:30:47+00:00","description":"Consultez notre page FAQ pour trouver des r\u00e9ponses aux questions les plus fr\u00e9quemment pos\u00e9es concernant nos services de photographie. D\u00e9couvrez des informations utiles sur nos processus, tarifs, d\u00e9lais, et plus encore pour vous aider \u00e0 mieux comprendre notre offre.","breadcrumb":{"@id":"https:\/\/studioblancmtl.com\/fr\/faq\/#breadcrumb"},"inLanguage":"fr-FR","potentialAction":[{"@type":"ReadAction","target":["https:\/\/studioblancmtl.com\/fr\/faq\/"]}]},{"@type":"BreadcrumbList","@id":"https:\/\/studioblancmtl.com\/fr\/faq\/#breadcrumb","itemListElement":[{"@type":"ListItem","position":1,"name":"Home","item":"https:\/\/studioblancmtl.com\/fr\/"},{"@type":"ListItem","position":2,"name":"FAQ"}]},{"@type":"WebSite","@id":"https:\/\/studioblancmtl.com\/#website","url":"https:\/\/studioblancmtl.com\/","name":"Studio Blanc","description":"Ecommerce &amp; Commercial Ready Photography","publisher":{"@id":"https:\/\/studioblancmtl.com\/#organization"},"potentialAction":[{"@type":"SearchAction","target":{"@type":"EntryPoint","urlTemplate":"https:\/\/studioblancmtl.com\/?s={search_term_string}"},"query-input":{"@type":"PropertyValueSpecification","valueRequired":true,"valueName":"search_term_string"}}],"inLanguage":"fr-FR"},{"@type":"Organization","@id":"https:\/\/studioblancmtl.com\/#organization","name":"Studio Blanc MTL","url":"https:\/\/studioblancmtl.com\/","logo":{"@type":"ImageObject","inLanguage":"fr-FR","@id":"https:\/\/studioblancmtl.com\/#\/schema\/logo\/image\/","url":"https:\/\/studioblancmtl.com\/wp-content\/uploads\/2024\/08\/StudioBlanc-logo-sq-black-01.jpg","contentUrl":"https:\/\/studioblancmtl.com\/wp-content\/uploads\/2024\/08\/StudioBlanc-logo-sq-black-01.jpg","width":722,"height":722,"caption":"Studio Blanc MTL"},"image":{"@id":"https:\/\/studioblancmtl.com\/#\/schema\/logo\/image\/"},"sameAs":["https:\/\/instagram.com\/studioblancmtl"]}]}},"_links":{"self":[{"href":"https:\/\/studioblancmtl.com\/fr\/wp-json\/wp\/v2\/pages\/7420","targetHints":{"allow":["GET"]}}],"collection":[{"href":"https:\/\/studioblancmtl.com\/fr\/wp-json\/wp\/v2\/pages"}],"about":[{"href":"https:\/\/studioblancmtl.com\/fr\/wp-json\/wp\/v2\/types\/page"}],"author":[{"embeddable":true,"href":"https:\/\/studioblancmtl.com\/fr\/wp-json\/wp\/v2\/users\/1"}],"replies":[{"embeddable":true,"href":"https:\/\/studioblancmtl.com\/fr\/wp-json\/wp\/v2\/comments?post=7420"}],"version-history":[{"count":31,"href":"https:\/\/studioblancmtl.com\/fr\/wp-json\/wp\/v2\/pages\/7420\/revisions"}],"predecessor-version":[{"id":12068,"href":"https:\/\/studioblancmtl.com\/fr\/wp-json\/wp\/v2\/pages\/7420\/revisions\/12068"}],"wp:attachment":[{"href":"https:\/\/studioblancmtl.com\/fr\/wp-json\/wp\/v2\/media?parent=7420"}],"curies":[{"name":"wp","href":"https:\/\/api.w.org\/{rel}","templated":true}]}}