{"id":804,"date":"2022-05-12T06:18:34","date_gmt":"2022-05-12T06:18:34","guid":{"rendered":"https:\/\/studioblancmtl.com\/beta\/contact\/"},"modified":"2024-08-07T17:52:43","modified_gmt":"2024-08-07T17:52:43","slug":"contact","status":"publish","type":"page","link":"https:\/\/studioblancmtl.com\/fr\/contact\/","title":{"rendered":"Contact"},"content":{"rendered":"\t\t<div data-elementor-type=\"wp-page\" data-elementor-id=\"804\" class=\"elementor elementor-804 elementor-18\">\n\t\t\t\t\t\t<section class=\"elementor-section elementor-top-section elementor-element elementor-element-d84ad53 elementor-section-boxed elementor-section-height-default elementor-section-height-default qodef-elementor-content-no qodef-elementor-stretch-row-no qodef-elementor-overlay-no\" data-id=\"d84ad53\" data-element_type=\"section\">\n\t\t\t\t\t\t<div class=\"elementor-container elementor-column-gap-default\">\n\t\t\t\t\t<div class=\"elementor-column elementor-col-100 elementor-top-column elementor-element elementor-element-f4fba3e\" data-id=\"f4fba3e\" data-element_type=\"column\">\n\t\t\t<div class=\"elementor-widget-wrap elementor-element-populated\">\n\t\t\t\t\t\t<section class=\"elementor-section elementor-inner-section elementor-element elementor-element-ba241cd elementor-section-boxed elementor-section-height-default elementor-section-height-default qodef-elementor-content-no qodef-elementor-stretch-row-no qodef-elementor-overlay-no\" data-id=\"ba241cd\" data-element_type=\"section\">\n\t\t\t\t\t\t<div class=\"elementor-container elementor-column-gap-default\">\n\t\t\t\t\t<div class=\"elementor-column elementor-col-50 elementor-inner-column elementor-element elementor-element-c0e932e\" data-id=\"c0e932e\" data-element_type=\"column\">\n\t\t\t<div class=\"elementor-widget-wrap elementor-element-populated\">\n\t\t\t\t\t\t<div class=\"elementor-element elementor-element-10c590a elementor-icon-list--layout-traditional elementor-list-item-link-full_width elementor-widget elementor-widget-icon-list\" data-id=\"10c590a\" data-element_type=\"widget\" data-widget_type=\"icon-list.default\">\n\t\t\t\t<div class=\"elementor-widget-container\">\n\t\t\t\t\t\t\t<ul class=\"elementor-icon-list-items\">\n\t\t\t\t\t\t\t<li class=\"elementor-icon-list-item\">\n\t\t\t\t\t\t\t\t\t\t\t<span class=\"elementor-icon-list-icon\">\n\t\t\t\t\t\t\t<i aria-hidden=\"true\" class=\"fas fa-map-marker-alt\"><\/i>\t\t\t\t\t\t<\/span>\n\t\t\t\t\t\t\t\t\t\t<span class=\"elementor-icon-list-text\">Adresse: 209-9250 du Parc Avenue, Montreal, QC H2N 1Z2<\/span>\n\t\t\t\t\t\t\t\t\t<\/li>\n\t\t\t\t\t\t\t\t<li class=\"elementor-icon-list-item\">\n\t\t\t\t\t\t\t\t\t\t\t<span class=\"elementor-icon-list-icon\">\n\t\t\t\t\t\t\t<i aria-hidden=\"true\" class=\"fas fa-phone-alt\"><\/i>\t\t\t\t\t\t<\/span>\n\t\t\t\t\t\t\t\t\t\t<span class=\"elementor-icon-list-text\">T\u00e9l\u00e9phone: 514-548-2180<\/span>\n\t\t\t\t\t\t\t\t\t<\/li>\n\t\t\t\t\t\t\t\t<li class=\"elementor-icon-list-item\">\n\t\t\t\t\t\t\t\t\t\t\t<span class=\"elementor-icon-list-icon\">\n\t\t\t\t\t\t\t<i aria-hidden=\"true\" class=\"fas fa-envelope\"><\/i>\t\t\t\t\t\t<\/span>\n\t\t\t\t\t\t\t\t\t\t<span class=\"elementor-icon-list-text\">E-mail: booking@studioblancmtl.com<\/span>\n\t\t\t\t\t\t\t\t\t<\/li>\n\t\t\t\t\t\t<\/ul>\n\t\t\t\t\t\t<\/div>\n\t\t\t\t<\/div>\n\t\t\t\t<div class=\"elementor-element elementor-element-6849aab elementor-widget elementor-widget-spacer\" data-id=\"6849aab\" data-element_type=\"widget\" data-widget_type=\"spacer.default\">\n\t\t\t\t<div class=\"elementor-widget-container\">\n\t\t\t\t\t\t\t<div class=\"elementor-spacer\">\n\t\t\t<div class=\"elementor-spacer-inner\"><\/div>\n\t\t<\/div>\n\t\t\t\t\t\t<\/div>\n\t\t\t\t<\/div>\n\t\t\t\t<div class=\"elementor-element elementor-element-bffca1a elementor-widget elementor-widget-qi_addons_for_elementor_business_hours\" data-id=\"bffca1a\" data-element_type=\"widget\" data-widget_type=\"qi_addons_for_elementor_business_hours.default\">\n\t\t\t\t<div class=\"elementor-widget-container\">\n\t\t\t\t\t<div class=\"qodef-shortcode qodef-m qodef-qi-business-hours qodef-layout--standard qodef-line-type--between qodef-resposive--no qodef-text-underline\">\n\t<div class=\"qodef-m-inner\">\n\t\t\t<h5 class=\"qodef-m-subtitle\">\n\t\tNOUS SOMMES OUVERT\t<\/h5>\n\t\t\t<h5 class=\"qodef-m-title\">\n\t\tsur rdv \t<\/h5>\n\t\t\t\t<div class=\"qodef-m-items\">\n\t\t\t<div class=\"qodef-e qodef-e-item elementor-repeater-item-34adea6\">\n\t\t\t<div class=\"qodef-e-title-holder\">\n\t\t\t\t\t\t<h6 class=\"qodef-e-day\">\n\t\t\t\tLundi\t\t\t<\/h6>\n\t\t<\/div>\n\t\t<div class=\"qodef-e-line\"><\/div>\n\t\t\t\t\t<p class=\"qodef-e-hours\">\n\t\t\t\t10:00 - 17:00\t\t\t<\/p>\n\t\t\t<\/div>\n<div class=\"qodef-e qodef-e-item elementor-repeater-item-20fcd35\">\n\t\t\t<div class=\"qodef-e-title-holder\">\n\t\t\t\t\t\t<h6 class=\"qodef-e-day\">\n\t\t\t\tMardi\t\t\t<\/h6>\n\t\t<\/div>\n\t\t<div class=\"qodef-e-line\"><\/div>\n\t\t\t\t\t<p class=\"qodef-e-hours\">\n\t\t\t\t10:00 - 17:00\t\t\t<\/p>\n\t\t\t<\/div>\n<div class=\"qodef-e qodef-e-item elementor-repeater-item-fa59f1d\">\n\t\t\t<div class=\"qodef-e-title-holder\">\n\t\t\t\t\t\t<h6 class=\"qodef-e-day\">\n\t\t\t\tMercredi\t\t\t<\/h6>\n\t\t<\/div>\n\t\t<div class=\"qodef-e-line\"><\/div>\n\t\t\t\t\t<p class=\"qodef-e-hours\">\n\t\t\t\t10:00 - 17:00\t\t\t<\/p>\n\t\t\t<\/div>\n<div class=\"qodef-e qodef-e-item elementor-repeater-item-231317f\">\n\t\t\t<div class=\"qodef-e-title-holder\">\n\t\t\t\t\t\t<h6 class=\"qodef-e-day\">\n\t\t\t\tJeudi\t\t\t<\/h6>\n\t\t<\/div>\n\t\t<div class=\"qodef-e-line\"><\/div>\n\t\t\t\t\t<p class=\"qodef-e-hours\">\n\t\t\t\t10:00 - 17:00\t\t\t<\/p>\n\t\t\t<\/div>\n<div class=\"qodef-e qodef-e-item elementor-repeater-item-d1e9921\">\n\t\t\t<div class=\"qodef-e-title-holder\">\n\t\t\t\t\t\t<h6 class=\"qodef-e-day\">\n\t\t\t\tVendredi\t\t\t<\/h6>\n\t\t<\/div>\n\t\t<div class=\"qodef-e-line\"><\/div>\n\t\t\t\t\t<p class=\"qodef-e-hours\">\n\t\t\t\t10:00 - 17:00\t\t\t<\/p>\n\t\t\t<\/div>\n\t\t<\/div>\n\t\t\t<\/div>\n<\/div>\n\t\t\t\t<\/div>\n\t\t\t\t<\/div>\n\t\t\t\t<div class=\"elementor-element elementor-element-d92b4f5 elementor-icon-list--layout-traditional elementor-list-item-link-full_width elementor-widget elementor-widget-icon-list\" data-id=\"d92b4f5\" data-element_type=\"widget\" data-widget_type=\"icon-list.default\">\n\t\t\t\t<div class=\"elementor-widget-container\">\n\t\t\t\t\t\t\t<ul class=\"elementor-icon-list-items\">\n\t\t\t\t\t\t\t<li class=\"elementor-icon-list-item\">\n\t\t\t\t\t\t\t\t\t\t\t<span class=\"elementor-icon-list-icon\">\n\t\t\t\t\t\t\t<i aria-hidden=\"true\" class=\"fas fa-circle\"><\/i>\t\t\t\t\t\t<\/span>\n\t\t\t\t\t\t\t\t\t\t<span class=\"elementor-icon-list-text\"><b>\u00c0 partir de 16 $ par image incluant les retouches l\u00e9g\u00e8res<\/b><\/span>\n\t\t\t\t\t\t\t\t\t<\/li>\n\t\t\t\t\t\t\t\t<li class=\"elementor-icon-list-item\">\n\t\t\t\t\t\t\t\t\t\t\t<span class=\"elementor-icon-list-icon\">\n\t\t\t\t\t\t\t<i aria-hidden=\"true\" class=\"fas fa-circle\"><\/i>\t\t\t\t\t\t<\/span>\n\t\t\t\t\t\t\t\t\t\t<span class=\"elementor-icon-list-text\">Recevez les images finales en 7 \u00e0 10 jours<\/span>\n\t\t\t\t\t\t\t\t\t<\/li>\n\t\t\t\t\t\t\t\t<li class=\"elementor-icon-list-item\">\n\t\t\t\t\t\t\t\t\t\t\t<span class=\"elementor-icon-list-icon\">\n\t\t\t\t\t\t\t<i aria-hidden=\"true\" class=\"fas fa-circle\"><\/i>\t\t\t\t\t\t<\/span>\n\t\t\t\t\t\t\t\t\t\t<span class=\"elementor-icon-list-text\">Service de ramassage et de livraison disponible<\/span>\n\t\t\t\t\t\t\t\t\t<\/li>\n\t\t\t\t\t\t<\/ul>\n\t\t\t\t\t\t<\/div>\n\t\t\t\t<\/div>\n\t\t\t\t\t<\/div>\n\t\t<\/div>\n\t\t\t\t<div class=\"elementor-column elementor-col-50 elementor-inner-column elementor-element elementor-element-a032698\" data-id=\"a032698\" data-element_type=\"column\">\n\t\t\t<div class=\"elementor-widget-wrap elementor-element-populated\">\n\t\t\t\t\t\t<div class=\"elementor-element elementor-element-907a11d elementor-widget elementor-widget-heading\" data-id=\"907a11d\" data-element_type=\"widget\" data-widget_type=\"heading.default\">\n\t\t\t\t<div class=\"elementor-widget-container\">\n\t\t\t\t\t<p class=\"elementor-heading-title elementor-size-medium\">Laissez-nous produire votre contenu virtuel<\/p>\t\t\t\t<\/div>\n\t\t\t\t<\/div>\n\t\t\t\t<div class=\"elementor-element elementor-element-c264c8e elementor-widget elementor-widget-qi_addons_for_elementor_contact_form_7\" data-id=\"c264c8e\" data-element_type=\"widget\" data-widget_type=\"qi_addons_for_elementor_contact_form_7.default\">\n\t\t\t\t<div class=\"elementor-widget-container\">\n\t\t\t\t\t<div class=\"qodef-shortcode qodef-m qodef-qi-contact-form-7\">\n\t\n<div class=\"wpcf7 no-js\" id=\"wpcf7-f12134-o1\" lang=\"en-US\" dir=\"ltr\" data-wpcf7-id=\"12134\">\n<div class=\"screen-reader-response\"><p role=\"status\" aria-live=\"polite\" aria-atomic=\"true\"><\/p> <ul><\/ul><\/div>\n<form action=\"\/fr\/wp-json\/wp\/v2\/pages\/804#wpcf7-f12134-o1\" method=\"post\" class=\"wpcf7-form init\" aria-label=\"Contact form\" novalidate=\"novalidate\" data-status=\"init\">\n<fieldset class=\"hidden-fields-container\"><input type=\"hidden\" name=\"_wpcf7\" value=\"12134\" \/><input type=\"hidden\" name=\"_wpcf7_version\" value=\"6.1.2\" \/><input type=\"hidden\" name=\"_wpcf7_locale\" value=\"en_US\" \/><input type=\"hidden\" name=\"_wpcf7_unit_tag\" value=\"wpcf7-f12134-o1\" \/><input type=\"hidden\" name=\"_wpcf7_container_post\" value=\"0\" \/><input type=\"hidden\" name=\"_wpcf7_posted_data_hash\" value=\"\" \/><input type=\"hidden\" name=\"_wpcf7_recaptcha_response\" value=\"\" \/>\n<\/fieldset>\n<div class=\"form-group\">\n <label class=\"sr-only\">Your Name<\/label>\n <span class=\"wpcf7-form-control-wrap\" data-name=\"text-953\"><input size=\"40\" maxlength=\"400\" class=\"wpcf7-form-control wpcf7-text wpcf7-validates-as-required form-control\" aria-required=\"true\" aria-invalid=\"false\" placeholder=\"Your Name\" value=\"\" type=\"text\" name=\"text-953\" \/><\/span>\n<\/div>\n\n<div class=\"form-group\">\n<label class=\"sr-only\">Company<\/label>\n<span class=\"wpcf7-form-control-wrap\" data-name=\"text-353\"><input size=\"40\" maxlength=\"400\" class=\"wpcf7-form-control wpcf7-text form-control\" aria-invalid=\"false\" placeholder=\"Company Name\" value=\"\" type=\"text\" name=\"text-353\" \/><\/span>\n<\/div>\n\n<div class=\"form-group\">\n <label class=\"sr-only\">Your Email<\/label>\n <span class=\"wpcf7-form-control-wrap\" data-name=\"your-email\"><input size=\"40\" maxlength=\"400\" class=\"wpcf7-form-control wpcf7-email wpcf7-validates-as-required wpcf7-text wpcf7-validates-as-email form-control\" aria-required=\"true\" aria-invalid=\"false\" placeholder=\"Your Email\" value=\"\" type=\"email\" name=\"your-email\" \/><\/span>\n<\/div>\n\n<div class=\"form-group\">\n <label class=\"sr-only\">Your Phone<\/label>\n <span class=\"wpcf7-form-control-wrap\" data-name=\"your-phone\"><input size=\"40\" maxlength=\"400\" class=\"wpcf7-form-control wpcf7-text form-control\" aria-invalid=\"false\" placeholder=\"Your Phone\" value=\"\" type=\"text\" name=\"your-phone\" \/><\/span>\n<\/div>\n\n<div class=\"form-group\">\n<label class=\"sr-only\">Your Website<\/label>\n<span class=\"wpcf7-form-control-wrap\" data-name=\"text-495\"><input size=\"40\" maxlength=\"400\" class=\"wpcf7-form-control wpcf7-text form-control\" aria-invalid=\"false\" placeholder=\"Your Website\" value=\"\" type=\"text\" name=\"text-495\" \/><\/span>\n<\/div>\n\n<div class=\"form-group\">\n<span class=\"wpcf7-form-control-wrap\" data-name=\"checkbox-438\"><span class=\"wpcf7-form-control wpcf7-checkbox\"><span class=\"wpcf7-list-item first\"><input type=\"checkbox\" name=\"checkbox-438[]\" value=\"Product Laydown\" \/><span class=\"wpcf7-list-item-label\">Product Laydown<\/span><\/span><span class=\"wpcf7-list-item\"><input type=\"checkbox\" name=\"checkbox-438[]\" value=\"Ghost Mannequin\" \/><span class=\"wpcf7-list-item-label\">Ghost Mannequin<\/span><\/span><span class=\"wpcf7-list-item\"><input type=\"checkbox\" name=\"checkbox-438[]\" value=\"On-Figure\" \/><span class=\"wpcf7-list-item-label\">On-Figure<\/span><\/span><span class=\"wpcf7-list-item last\"><input type=\"checkbox\" name=\"checkbox-438[]\" value=\"Lifestyle \/ Lookbook\" \/><span class=\"wpcf7-list-item-label\">Lifestyle \/ Lookbook<\/span><\/span><\/span><\/span>\n<\/div>\n\n<div class=\"form-group\">\n<label class=\"sr-only\">\"How many SKU's\"<\/label>\n<span class=\"wpcf7-form-control-wrap\" data-name=\"text-592\"><input size=\"40\" maxlength=\"400\" class=\"wpcf7-form-control wpcf7-text form-control\" aria-invalid=\"false\" placeholder=\"How many SKU&#039;s\" value=\"\" type=\"text\" name=\"text-592\" \/><\/span>\n<\/div>\n\n<div class=\"form-group\">\n <label class=\"sr-only\">Your Message<\/label>\n <span class=\"wpcf7-form-control-wrap\" data-name=\"your-message\"><textarea cols=\"40\" rows=\"4\" maxlength=\"2000\" class=\"wpcf7-form-control wpcf7-textarea wpcf7-validates-as-required form-control\" aria-required=\"true\" aria-invalid=\"false\" placeholder=\"Your Message\" name=\"your-message\"><\/textarea><\/span>\n<\/div>\n\n<button class=\"wpcf7-form-control wpcf7-submit btn btn-primary qodef-button qodef-size--normal qodef-type--filled qodef-m\" type=\"submit\"><span class=\"qodef-m-text-holder\"><span class=\"qodef-m-text\">Submit<\/span><span class=\"qodef-m-text\">Submit<\/span><\/span><\/button><div class=\"wpcf7-response-output\" aria-hidden=\"true\"><\/div>\n<\/form>\n<\/div>\n<\/div>\n\t\t\t\t<\/div>\n\t\t\t\t<\/div>\n\t\t\t\t\t<\/div>\n\t\t<\/div>\n\t\t\t\t\t<\/div>\n\t\t<\/section>\n\t\t\t\t\t<\/div>\n\t\t<\/div>\n\t\t\t\t\t<\/div>\n\t\t<\/section>\n\t\t\t\t<\/div>\n\t\t","protected":false},"excerpt":{"rendered":"<p>Adresse: 209-9250 du Parc Avenue, Montreal, QC H2N 1Z2 T\u00e9l\u00e9phone: 514-548-2180 E-mail: booking@studioblancmtl.com NOUS SOMMES OUVERT sur rdv Lundi 10:00 &#8211; 17:00 Mardi 10:00 &#8211; 17:00 Mercredi 10:00 &#8211; 17:00 Jeudi 10:00 &#8211; 17:00 Vendredi 10:00 &#8211; 17:00 \u00c0 partir de 16 $ par image incluant les retouches l\u00e9g\u00e8res Recevez les images finales en 7 [&hellip;]<\/p>\n","protected":false},"author":1,"featured_media":12315,"parent":0,"menu_order":2,"comment_status":"closed","ping_status":"closed","template":"","meta":{"_acf_changed":false,"_monsterinsights_skip_tracking":false,"_monsterinsights_sitenote_active":false,"_monsterinsights_sitenote_note":"","_monsterinsights_sitenote_category":0,"footnotes":""},"class_list":["post-804","page","type-page","status-publish","has-post-thumbnail","hentry"],"acf":[],"yoast_head":"<!-- This site is optimized with the Yoast SEO plugin v24.9 - https:\/\/yoast.com\/wordpress\/plugins\/seo\/ -->\n<title>Contact | Studio Blanc<\/title>\n<meta name=\"description\" content=\"Contactez-nous facilement via notre page d\u00e9di\u00e9e. Que ce soit pour des questions, des devis ou pour discuter de votre prochain projet, notre \u00e9quipe est pr\u00eate \u00e0 vous r\u00e9pondre rapidement. Envoyez-nous un message et nous nous ferons un plaisir de vous aider !\" \/>\n<meta name=\"robots\" content=\"index, follow, max-snippet:-1, max-image-preview:large, max-video-preview:-1\" \/>\n<link rel=\"canonical\" href=\"https:\/\/studioblancmtl.com\/fr\/contact\/\" \/>\n<meta property=\"og:locale\" content=\"fr_FR\" \/>\n<meta property=\"og:type\" content=\"article\" \/>\n<meta property=\"og:title\" content=\"Contact | Studio Blanc\" \/>\n<meta property=\"og:description\" content=\"Contactez-nous facilement via notre page d\u00e9di\u00e9e. Que ce soit pour des questions, des devis ou pour discuter de votre prochain projet, notre \u00e9quipe est pr\u00eate \u00e0 vous r\u00e9pondre rapidement. Envoyez-nous un message et nous nous ferons un plaisir de vous aider !\" \/>\n<meta property=\"og:url\" content=\"https:\/\/studioblancmtl.com\/fr\/contact\/\" \/>\n<meta property=\"og:site_name\" content=\"Studio Blanc\" \/>\n<meta property=\"article:modified_time\" content=\"2024-08-07T17:52:43+00:00\" \/>\n<meta property=\"og:image\" content=\"https:\/\/studioblancmtl.com\/wp-content\/uploads\/2024\/08\/SB-siteimage-seo.jpg\" \/>\n\t<meta property=\"og:image:width\" content=\"1200\" \/>\n\t<meta property=\"og:image:height\" content=\"675\" \/>\n\t<meta property=\"og:image:type\" content=\"image\/jpeg\" \/>\n<meta name=\"twitter:card\" content=\"summary_large_image\" \/>\n<meta name=\"twitter:label1\" content=\"Dur\u00e9e de lecture estim\u00e9e\" \/>\n\t<meta name=\"twitter:data1\" content=\"1 minute\" \/>\n<script type=\"application\/ld+json\" class=\"yoast-schema-graph\">{\"@context\":\"https:\/\/schema.org\",\"@graph\":[{\"@type\":[\"WebPage\",\"ContactPage\"],\"@id\":\"https:\/\/studioblancmtl.com\/fr\/contact\/\",\"url\":\"https:\/\/studioblancmtl.com\/fr\/contact\/\",\"name\":\"Contact | Studio Blanc\",\"isPartOf\":{\"@id\":\"https:\/\/studioblancmtl.com\/#website\"},\"primaryImageOfPage\":{\"@id\":\"https:\/\/studioblancmtl.com\/fr\/contact\/#primaryimage\"},\"image\":{\"@id\":\"https:\/\/studioblancmtl.com\/fr\/contact\/#primaryimage\"},\"thumbnailUrl\":\"https:\/\/studioblancmtl.com\/wp-content\/uploads\/2024\/10\/SB-ogimage-600x600-1.jpg\",\"datePublished\":\"2022-05-12T06:18:34+00:00\",\"dateModified\":\"2024-08-07T17:52:43+00:00\",\"description\":\"Contactez-nous facilement via notre page d\u00e9di\u00e9e. Que ce soit pour des questions, des devis ou pour discuter de votre prochain projet, notre \u00e9quipe est pr\u00eate \u00e0 vous r\u00e9pondre rapidement. Envoyez-nous un message et nous nous ferons un plaisir de vous aider !\",\"breadcrumb\":{\"@id\":\"https:\/\/studioblancmtl.com\/fr\/contact\/#breadcrumb\"},\"inLanguage\":\"fr-FR\",\"potentialAction\":[{\"@type\":\"ReadAction\",\"target\":[\"https:\/\/studioblancmtl.com\/fr\/contact\/\"]}]},{\"@type\":\"ImageObject\",\"inLanguage\":\"fr-FR\",\"@id\":\"https:\/\/studioblancmtl.com\/fr\/contact\/#primaryimage\",\"url\":\"https:\/\/studioblancmtl.com\/wp-content\/uploads\/2024\/10\/SB-ogimage-600x600-1.jpg\",\"contentUrl\":\"https:\/\/studioblancmtl.com\/wp-content\/uploads\/2024\/10\/SB-ogimage-600x600-1.jpg\",\"width\":650,\"height\":650},{\"@type\":\"BreadcrumbList\",\"@id\":\"https:\/\/studioblancmtl.com\/fr\/contact\/#breadcrumb\",\"itemListElement\":[{\"@type\":\"ListItem\",\"position\":1,\"name\":\"Home\",\"item\":\"https:\/\/studioblancmtl.com\/fr\/\"},{\"@type\":\"ListItem\",\"position\":2,\"name\":\"Contact\"}]},{\"@type\":\"WebSite\",\"@id\":\"https:\/\/studioblancmtl.com\/#website\",\"url\":\"https:\/\/studioblancmtl.com\/\",\"name\":\"Studio Blanc\",\"description\":\"Ecommerce &amp; Commercial Ready Photography\",\"publisher\":{\"@id\":\"https:\/\/studioblancmtl.com\/#organization\"},\"potentialAction\":[{\"@type\":\"SearchAction\",\"target\":{\"@type\":\"EntryPoint\",\"urlTemplate\":\"https:\/\/studioblancmtl.com\/?s={search_term_string}\"},\"query-input\":{\"@type\":\"PropertyValueSpecification\",\"valueRequired\":true,\"valueName\":\"search_term_string\"}}],\"inLanguage\":\"fr-FR\"},{\"@type\":\"Organization\",\"@id\":\"https:\/\/studioblancmtl.com\/#organization\",\"name\":\"Studio Blanc MTL\",\"url\":\"https:\/\/studioblancmtl.com\/\",\"logo\":{\"@type\":\"ImageObject\",\"inLanguage\":\"fr-FR\",\"@id\":\"https:\/\/studioblancmtl.com\/#\/schema\/logo\/image\/\",\"url\":\"https:\/\/studioblancmtl.com\/wp-content\/uploads\/2024\/08\/StudioBlanc-logo-sq-black-01.jpg\",\"contentUrl\":\"https:\/\/studioblancmtl.com\/wp-content\/uploads\/2024\/08\/StudioBlanc-logo-sq-black-01.jpg\",\"width\":722,\"height\":722,\"caption\":\"Studio Blanc MTL\"},\"image\":{\"@id\":\"https:\/\/studioblancmtl.com\/#\/schema\/logo\/image\/\"},\"sameAs\":[\"https:\/\/instagram.com\/studioblancmtl\"]}]}<\/script>\n<!-- \/ Yoast SEO plugin. -->","yoast_head_json":{"title":"Contact | Studio Blanc","description":"Contactez-nous facilement via notre page d\u00e9di\u00e9e. Que ce soit pour des questions, des devis ou pour discuter de votre prochain projet, notre \u00e9quipe est pr\u00eate \u00e0 vous r\u00e9pondre rapidement. Envoyez-nous un message et nous nous ferons un plaisir de vous aider !","robots":{"index":"index","follow":"follow","max-snippet":"max-snippet:-1","max-image-preview":"max-image-preview:large","max-video-preview":"max-video-preview:-1"},"canonical":"https:\/\/studioblancmtl.com\/fr\/contact\/","og_locale":"fr_FR","og_type":"article","og_title":"Contact | Studio Blanc","og_description":"Contactez-nous facilement via notre page d\u00e9di\u00e9e. Que ce soit pour des questions, des devis ou pour discuter de votre prochain projet, notre \u00e9quipe est pr\u00eate \u00e0 vous r\u00e9pondre rapidement. Envoyez-nous un message et nous nous ferons un plaisir de vous aider !","og_url":"https:\/\/studioblancmtl.com\/fr\/contact\/","og_site_name":"Studio Blanc","article_modified_time":"2024-08-07T17:52:43+00:00","og_image":[{"width":1200,"height":675,"url":"https:\/\/studioblancmtl.com\/wp-content\/uploads\/2024\/08\/SB-siteimage-seo.jpg","type":"image\/jpeg"}],"twitter_card":"summary_large_image","twitter_misc":{"Dur\u00e9e de lecture estim\u00e9e":"1 minute"},"schema":{"@context":"https:\/\/schema.org","@graph":[{"@type":["WebPage","ContactPage"],"@id":"https:\/\/studioblancmtl.com\/fr\/contact\/","url":"https:\/\/studioblancmtl.com\/fr\/contact\/","name":"Contact | Studio Blanc","isPartOf":{"@id":"https:\/\/studioblancmtl.com\/#website"},"primaryImageOfPage":{"@id":"https:\/\/studioblancmtl.com\/fr\/contact\/#primaryimage"},"image":{"@id":"https:\/\/studioblancmtl.com\/fr\/contact\/#primaryimage"},"thumbnailUrl":"https:\/\/studioblancmtl.com\/wp-content\/uploads\/2024\/10\/SB-ogimage-600x600-1.jpg","datePublished":"2022-05-12T06:18:34+00:00","dateModified":"2024-08-07T17:52:43+00:00","description":"Contactez-nous facilement via notre page d\u00e9di\u00e9e. Que ce soit pour des questions, des devis ou pour discuter de votre prochain projet, notre \u00e9quipe est pr\u00eate \u00e0 vous r\u00e9pondre rapidement. Envoyez-nous un message et nous nous ferons un plaisir de vous aider !","breadcrumb":{"@id":"https:\/\/studioblancmtl.com\/fr\/contact\/#breadcrumb"},"inLanguage":"fr-FR","potentialAction":[{"@type":"ReadAction","target":["https:\/\/studioblancmtl.com\/fr\/contact\/"]}]},{"@type":"ImageObject","inLanguage":"fr-FR","@id":"https:\/\/studioblancmtl.com\/fr\/contact\/#primaryimage","url":"https:\/\/studioblancmtl.com\/wp-content\/uploads\/2024\/10\/SB-ogimage-600x600-1.jpg","contentUrl":"https:\/\/studioblancmtl.com\/wp-content\/uploads\/2024\/10\/SB-ogimage-600x600-1.jpg","width":650,"height":650},{"@type":"BreadcrumbList","@id":"https:\/\/studioblancmtl.com\/fr\/contact\/#breadcrumb","itemListElement":[{"@type":"ListItem","position":1,"name":"Home","item":"https:\/\/studioblancmtl.com\/fr\/"},{"@type":"ListItem","position":2,"name":"Contact"}]},{"@type":"WebSite","@id":"https:\/\/studioblancmtl.com\/#website","url":"https:\/\/studioblancmtl.com\/","name":"Studio Blanc","description":"Ecommerce &amp; Commercial Ready Photography","publisher":{"@id":"https:\/\/studioblancmtl.com\/#organization"},"potentialAction":[{"@type":"SearchAction","target":{"@type":"EntryPoint","urlTemplate":"https:\/\/studioblancmtl.com\/?s={search_term_string}"},"query-input":{"@type":"PropertyValueSpecification","valueRequired":true,"valueName":"search_term_string"}}],"inLanguage":"fr-FR"},{"@type":"Organization","@id":"https:\/\/studioblancmtl.com\/#organization","name":"Studio Blanc MTL","url":"https:\/\/studioblancmtl.com\/","logo":{"@type":"ImageObject","inLanguage":"fr-FR","@id":"https:\/\/studioblancmtl.com\/#\/schema\/logo\/image\/","url":"https:\/\/studioblancmtl.com\/wp-content\/uploads\/2024\/08\/StudioBlanc-logo-sq-black-01.jpg","contentUrl":"https:\/\/studioblancmtl.com\/wp-content\/uploads\/2024\/08\/StudioBlanc-logo-sq-black-01.jpg","width":722,"height":722,"caption":"Studio Blanc MTL"},"image":{"@id":"https:\/\/studioblancmtl.com\/#\/schema\/logo\/image\/"},"sameAs":["https:\/\/instagram.com\/studioblancmtl"]}]}},"_links":{"self":[{"href":"https:\/\/studioblancmtl.com\/fr\/wp-json\/wp\/v2\/pages\/804","targetHints":{"allow":["GET"]}}],"collection":[{"href":"https:\/\/studioblancmtl.com\/fr\/wp-json\/wp\/v2\/pages"}],"about":[{"href":"https:\/\/studioblancmtl.com\/fr\/wp-json\/wp\/v2\/types\/page"}],"author":[{"embeddable":true,"href":"https:\/\/studioblancmtl.com\/fr\/wp-json\/wp\/v2\/users\/1"}],"replies":[{"embeddable":true,"href":"https:\/\/studioblancmtl.com\/fr\/wp-json\/wp\/v2\/comments?post=804"}],"version-history":[{"count":18,"href":"https:\/\/studioblancmtl.com\/fr\/wp-json\/wp\/v2\/pages\/804\/revisions"}],"predecessor-version":[{"id":12036,"href":"https:\/\/studioblancmtl.com\/fr\/wp-json\/wp\/v2\/pages\/804\/revisions\/12036"}],"wp:featuredmedia":[{"embeddable":true,"href":"https:\/\/studioblancmtl.com\/fr\/wp-json\/wp\/v2\/media\/12315"}],"wp:attachment":[{"href":"https:\/\/studioblancmtl.com\/fr\/wp-json\/wp\/v2\/media?parent=804"}],"curies":[{"name":"wp","href":"https:\/\/api.w.org\/{rel}","templated":true}]}}